{"id":58,"date":"2018-11-09T13:03:26","date_gmt":"2018-11-09T04:03:26","guid":{"rendered":"https:\/\/thermoelectric-coolers.com\/sv\/?page_id=58"},"modified":"2023-02-22T11:50:02","modified_gmt":"2023-02-22T02:50:02","slug":"cooler","status":"publish","type":"page","link":"https:\/\/thermoelectric-coolers.com\/sv\/product\/cooler\/","title":{"rendered":"KYLARENHET med h\u00f6g tillf\u00f6rlitlighet"},"content":{"rendered":"<div id=\"cooler01\" class=\"section_wrap\">\n<h2>Z-MAX Peltier-kylare<\/h2>\n<ul>\n<li>\u25a0 Kan tillhandah\u00e5lla allt fr\u00e5n prisv\u00e4rda Peltier-kylare f\u00f6r allm\u00e4n anv\u00e4ndning till specialutformade kylare.<\/li>\n<li>\u25a0 Fullst\u00e4ndig kunskap om f\u00f6r- och nackdelar med termoelektriska moduler.<\/li>\n<li>\u25a0 Kompetent personal v\u00e4l f\u00f6rtrogna med b\u00e5de termoelektriska moduler och till\u00e4mpningar.<\/li>\n<\/ul>\n<\/div>\n<div id=\"cooler_detail\" class=\"product_section section_wrap\">\n<h2>KYLARENHETER med h\u00f6g tillf\u00f6rlitlighet (termoelektrisk kylarenhet)<\/h2>\n<h3 class=\"line_left\">BV-2F<\/h3>\n<div class=\"cooler_detail__wrap\">\n<img decoding=\"async\" src=\"https:\/\/thermoelectric-coolers.com\/sv\/wp-content\/themes\/zmax-peltier\/images\/cooler\/2021\/BV-2F.jpg\" alt=\"BV-2F\" \/><\/p>\n<div class=\"cooler_detail__inner\">\n<p>L\u00e5ng livsl\u00e4ngd uppn\u00e5s genom en b\u00e4ttre vattent\u00e4t t\u00e4tningsstruktur tillsammans med v\u00e5r GL-modul f\u00f6r att minska den termiska belastningen.<\/p>\n<table class=\"product_table\">\n<tr>\n<th>termoelektrisk modul<\/th>\n<td>TEC1\uff0dB12707AC<\/td>\n<\/tr>\n<tr>\n<th>M\u00e5tt (mm)<\/th>\n<td>B70 \u00d7 D70 \u00d7 H27<\/td>\n<\/tr>\n<tr>\n<th>Str\u00f6mf\u00f6rs\u00f6rjning<\/th>\n<td>DC12V 5A<\/td>\n<\/tr>\n<tr>\n<th>Kylprestanda<\/th>\n<td>45.1W<\/td>\n<\/tr>\n<tr>\n<th>Design<\/th>\n<td>Kylsidan = aluminiumplatta,<br \/>\nUppv\u00e4rmningssidan = aluminiumplatta<\/td>\n<\/tr>\n<\/table>\n<ul class=\"product_link\">\n<li><a class=\"btn_link\" href=\"https:\/\/thermoelectric-coolers.com\/sv\/wp-content\/themes\/zmax-peltier\/images\/cooler\/2021\/BV-2F_spec.pdf\" target=\"_blank\" rel=\"noopener noreferrer\"><i class=\"far fa-file-pdf\"><\/i> Specifikation<\/a><\/li>\n<li><a class=\"btn_link\" href=\"https:\/\/thermoelectric-coolers.com\/sv\/wp-content\/themes\/zmax-peltier\/images\/cooler\/2021\/BV-2F_drowing.pdf\" target=\"_blank\" rel=\"noopener noreferrer\"><i class=\"far fa-file-pdf\"><\/i> Ritning<\/a><\/li>\n<\/ul>\n<\/div>\n<\/div>\n<h3 class=\"line_left\">BV-2C<\/h3>\n<div class=\"cooler_detail__wrap\">\n<img decoding=\"async\" src=\"https:\/\/thermoelectric-coolers.com\/sv\/wp-content\/themes\/zmax-peltier\/images\/cooler\/2021\/BV-2C.jpg\" alt=\"BV-2C\" \/><\/p>\n<div class=\"cooler_detail__inner\">\n<p>Den h\u00e4r modellens \u0394T max f\u00f6rb\u00e4ttras av Cascade-modulen.<\/p>\n<table class=\"product_table\">\n<tr>\n<th>termoelektrisk modul<\/th>\n<td>TEC2\uff0dB19808AC<\/td>\n<\/tr>\n<tr>\n<th>M\u00e5tt (mm)<\/th>\n<td>B70\u00d7D70\u00d7H30<\/td>\n<\/tr>\n<tr>\n<th>Str\u00f6mf\u00f6rs\u00f6rjning<\/th>\n<td>DC12V 5.5A<\/td>\n<\/tr>\n<tr>\n<th>Kylprestanda<\/th>\n<td>42.1W<\/td>\n<\/tr>\n<tr>\n<th>Design<\/th>\n<td>Kylsidan = aluminiumplatta,<br \/>\nUppv\u00e4rmningssidan = aluminiumplatta<\/td>\n<\/tr>\n<\/table>\n<ul class=\"product_link\">\n<li><a class=\"btn_link\" href=\"https:\/\/thermoelectric-coolers.com\/sv\/wp-content\/themes\/zmax-peltier\/images\/cooler\/2021\/BV-2C_spec.pdf\" target=\"_blank\" rel=\"noopener noreferrer\"><i class=\"far fa-file-pdf\"><\/i> Specifikation<\/a><\/li>\n<li><a class=\"btn_link\" href=\"https:\/\/thermoelectric-coolers.com\/sv\/wp-content\/themes\/zmax-peltier\/images\/cooler\/2021\/BV-2C_drowing.pdf\" target=\"_blank\" rel=\"noopener noreferrer\"><i class=\"far fa-file-pdf\"><\/i> Ritning<\/a><\/li>\n<\/ul>\n<\/div>\n<\/div>\n<h3 class=\"line_left\">BV-2H<\/h3>\n<div class=\"cooler_detail__wrap\">\n<img decoding=\"async\" src=\"https:\/\/thermoelectric-coolers.com\/sv\/wp-content\/themes\/zmax-peltier\/images\/cooler\/2021\/BV-2H.jpg\" alt=\"BV-2H\" \/><\/p>\n<div class=\"cooler_detail__inner\">\n<p>L\u00e5ng livsl\u00e4ngd uppn\u00e5s genom en b\u00e4ttre vattent\u00e4t t\u00e4tningsstruktur tillsammans med v\u00e5r GL-modul f\u00f6r att minska den termiska belastningen. Den h\u00e4r modellens Q-max f\u00f6rb\u00e4ttras av h\u00f6geffektmodulen.<\/p>\n<table class=\"product_table\">\n<tr>\n<th>termoelektrisk modul<\/th>\n<td>TEC1\uff0dB12708AC<\/td>\n<\/tr>\n<tr>\n<th>M\u00e5tt (mm)<\/th>\n<td>B70\u00d7D70\u00d7H27<\/td>\n<\/tr>\n<tr>\n<th>Str\u00f6mf\u00f6rs\u00f6rjning<\/th>\n<td>DC12V 6A<\/td>\n<\/tr>\n<tr>\n<th>Kylprestanda<\/th>\n<td>57.8W<\/td>\n<\/tr>\n<tr>\n<th>Design<\/th>\n<td>Kylsidan = aluminiumplatta,<br \/>\nUppv\u00e4rmningssidan = aluminiumplatta<\/td>\n<\/tr>\n<\/table>\n<ul class=\"product_link\">\n<li><a class=\"btn_link\" href=\"https:\/\/thermoelectric-coolers.com\/sv\/wp-content\/themes\/zmax-peltier\/images\/cooler\/2021\/BV-2H_spec.pdf\" target=\"_blank\" rel=\"noopener noreferrer\"><i class=\"far fa-file-pdf\"><\/i> Specifikation<\/a><\/li>\n<li><a class=\"btn_link\" href=\"https:\/\/thermoelectric-coolers.com\/sv\/wp-content\/themes\/zmax-peltier\/images\/cooler\/2021\/BV-2H_drowing.pdf\" target=\"_blank\" rel=\"noopener noreferrer\"><i class=\"far fa-file-pdf\"><\/i> Ritning<\/a><\/li>\n<\/ul>\n<\/div>\n<\/div>\n<h3 class=\"line_left\">BV-2FH<\/h3>\n<div class=\"cooler_detail__wrap\">\n<img decoding=\"async\" src=\"https:\/\/thermoelectric-coolers.com\/sv\/wp-content\/themes\/zmax-peltier\/images\/cooler\/2021\/BV-2FH.jpg\" alt=\"BV-2FH\" \/><\/p>\n<div class=\"cooler_detail__inner\">\n<p>Med BV-2F v\u00e4rmeavledande lameller.<\/p>\n<table class=\"product_table\">\n<tr>\n<th>termoelektrisk modul<\/th>\n<td>TEC1\uff0dB12707AC<\/td>\n<\/tr>\n<tr>\n<th>M\u00e5tt (mm)<\/th>\n<td>B80\u00d7D104.5\u00d7H53.1<\/td>\n<\/tr>\n<tr>\n<th>Str\u00f6mf\u00f6rs\u00f6rjning<\/th>\n<td>DC12V 5A<\/td>\n<\/tr>\n<tr>\n<th>Kylprestanda<\/th>\n<td>45.1W<\/td>\n<\/tr>\n<tr>\n<th>Design<\/th>\n<td>Kylsidan = aluminiumplatta,<br \/>\nUppv\u00e4rmningssidan = kylfl\u00e4ns<br \/>\n(En fl\u00e4kt (tillval) kr\u00e4vs f\u00f6r att avl\u00e4gsna v\u00e4rmen)<\/td>\n<\/tr>\n<\/table>\n<ul class=\"product_link\">\n<li><a class=\"btn_link\" href=\"https:\/\/thermoelectric-coolers.com\/sv\/wp-content\/themes\/zmax-peltier\/images\/cooler\/2021\/BV-2FH_spec.pdf\" target=\"_blank\" rel=\"noopener noreferrer\"><i class=\"far fa-file-pdf\"><\/i> Specifikation<\/a><\/li>\n<li><a class=\"btn_link\" href=\"https:\/\/thermoelectric-coolers.com\/sv\/wp-content\/themes\/zmax-peltier\/images\/cooler\/2021\/BV-2FH_drowing.pdf\" target=\"_blank\" rel=\"noopener noreferrer\"><i class=\"far fa-file-pdf\"><\/i> Ritning<\/a><\/li>\n<\/ul>\n<\/div>\n<\/div>\n<h3 class=\"line_left\">BV-2CH<\/h3>\n<div class=\"cooler_detail__wrap\">\n<img decoding=\"async\" src=\"https:\/\/thermoelectric-coolers.com\/sv\/wp-content\/themes\/zmax-peltier\/images\/cooler\/2021\/BV-2CH.jpg\" alt=\"BV-2CH\" \/><\/p>\n<div class=\"cooler_detail__inner\">\n<p>Med BV-2C v\u00e4rmeavledande lameller.<\/p>\n<table class=\"product_table\">\n<tr>\n<th>termoelektrisk modul<\/th>\n<td>TEC2\uff0dB19808AC<\/td>\n<\/tr>\n<tr>\n<th>M\u00e5tt (mm)<\/th>\n<td>B160\u00d7D104.5\u00d7H56.1<\/td>\n<\/tr>\n<tr>\n<th>Str\u00f6mf\u00f6rs\u00f6rjning<\/th>\n<td>DC12V 5.5A<\/td>\n<\/tr>\n<tr>\n<th>Kylprestanda<\/th>\n<td>42.1W<\/td>\n<\/tr>\n<tr>\n<th>Design<\/th>\n<td>Kylsidan = aluminiumplatta,<br \/>\nUppv\u00e4rmningssidan = kylfl\u00e4ns<br \/>\n(En fl\u00e4kt (tillval) kr\u00e4vs f\u00f6r att avl\u00e4gsna v\u00e4rmen)<\/td>\n<\/tr>\n<\/table>\n<ul class=\"product_link\">\n<li><a class=\"btn_link\" href=\"https:\/\/thermoelectric-coolers.com\/sv\/wp-content\/themes\/zmax-peltier\/images\/cooler\/2021\/BV-2CH_spec.pdf\" target=\"_blank\" rel=\"noopener noreferrer\"><i class=\"far fa-file-pdf\"><\/i> Specifikation<\/a><\/li>\n<li><a class=\"btn_link\" href=\"https:\/\/thermoelectric-coolers.com\/sv\/wp-content\/themes\/zmax-peltier\/images\/cooler\/2021\/BV-2CH_drowing.pdf\" target=\"_blank\" rel=\"noopener noreferrer\"><i class=\"far fa-file-pdf\"><\/i> Ritning<\/a><\/li>\n<\/ul>\n<\/div>\n<\/div>\n<h3 class=\"line_left\">BV-2HH<\/h3>\n<div class=\"cooler_detail__wrap\">\n<img decoding=\"async\" src=\"https:\/\/thermoelectric-coolers.com\/sv\/wp-content\/themes\/zmax-peltier\/images\/cooler\/2021\/BV-2HH.jpg\" alt=\"BV-2HH\" \/><\/p>\n<div class=\"cooler_detail__inner\">\n<p>Med BV-2H v\u00e4rmeavledande lameller.<\/p>\n<table class=\"product_table\">\n<tr>\n<th>termoelektrisk modul<\/th>\n<td>TEC1\uff0dB12708AC<\/td>\n<\/tr>\n<tr>\n<th>M\u00e5tt (mm)<\/th>\n<td>B160\u00d7D104.5\u00d7H52.6<\/td>\n<\/tr>\n<tr>\n<th>Str\u00f6mf\u00f6rs\u00f6rjning<\/th>\n<td>DC12V 6A<\/td>\n<\/tr>\n<tr>\n<th>Kylprestanda<\/th>\n<td>57.8W<\/td>\n<\/tr>\n<tr>\n<th>Design<\/th>\n<td>Kylsidan = aluminiumplatta,<br \/>\nUppv\u00e4rmningssidan = kylfl\u00e4ns<br \/>\n(En fl\u00e4kt (tillval) kr\u00e4vs f\u00f6r att avl\u00e4gsna v\u00e4rmen)<\/td>\n<\/tr>\n<\/table>\n<ul class=\"product_link\">\n<li><a class=\"btn_link\" href=\"https:\/\/thermoelectric-coolers.com\/sv\/wp-content\/themes\/zmax-peltier\/images\/cooler\/2021\/BV-2HH_spec.pdf\" target=\"_blank\" rel=\"noopener noreferrer\"><i class=\"far fa-file-pdf\"><\/i> Specifikation<\/a><\/li>\n<li><a class=\"btn_link\" href=\"https:\/\/thermoelectric-coolers.com\/sv\/wp-content\/themes\/zmax-peltier\/images\/cooler\/2021\/BV-2HH_drowing.pdf\" target=\"_blank\" rel=\"noopener noreferrer\"><i class=\"far fa-file-pdf\"><\/i> Ritning<\/a><\/li>\n<\/ul>\n<\/div>\n<\/div>\n<h3 class=\"line_left\">BV-2FHF<\/h3>\n<div class=\"cooler_detail__wrap\">\n<img decoding=\"async\" src=\"https:\/\/thermoelectric-coolers.com\/sv\/wp-content\/themes\/zmax-peltier\/images\/cooler\/2021\/BV-2FHF.jpg\" alt=\"BV-2FHF\" \/><\/p>\n<div class=\"cooler_detail__inner\">\n<p>Med BV-2F v\u00e4rmeavledande lamell och fl\u00e4kt.<\/p>\n<table class=\"product_table\">\n<tr>\n<th>termoelektrisk modul<\/th>\n<td>TEC1\uff0dB12707AC<\/td>\n<\/tr>\n<tr>\n<th>M\u00e5tt (mm)<\/th>\n<td>B80\u00d7D125\u00d7H84<\/td>\n<\/tr>\n<tr>\n<th>Str\u00f6mf\u00f6rs\u00f6rjning<\/th>\n<td>DC12V 5A<\/td>\n<\/tr>\n<tr>\n<th>Kylprestanda<\/th>\n<td>45.1W<\/td>\n<\/tr>\n<tr>\n<th>Design<\/th>\n<td>Kylsidan = aluminiumplatta,<br \/>\nUppv\u00e4rmningssidan = kylfl\u00e4ns och fl\u00e4kt<\/td>\n<\/tr>\n<\/table>\n<ul class=\"product_link\">\n<li><a class=\"btn_link\" href=\"https:\/\/thermoelectric-coolers.com\/sv\/wp-content\/themes\/zmax-peltier\/images\/cooler\/2021\/BV-2FHF_spec.pdf\" target=\"_blank\" rel=\"noopener noreferrer\"><i class=\"far fa-file-pdf\"><\/i> Specifikation<\/a><\/li>\n<li><a class=\"btn_link\" href=\"https:\/\/thermoelectric-coolers.com\/sv\/wp-content\/themes\/zmax-peltier\/images\/cooler\/2021\/BV-2FHF_drowing.pdf\" target=\"_blank\" rel=\"noopener noreferrer\"><i class=\"far fa-file-pdf\"><\/i> Ritning<\/a><\/li>\n<\/ul>\n<\/div>\n<\/div>\n<h3 class=\"line_left\">BV-2CHF<\/h3>\n<div class=\"cooler_detail__wrap\">\n<img decoding=\"async\" src=\"https:\/\/thermoelectric-coolers.com\/sv\/wp-content\/themes\/zmax-peltier\/images\/cooler\/2021\/BV-2CHF.jpg\" alt=\"BV-2CHF\" \/><\/p>\n<div class=\"cooler_detail__inner\">\n<p>Med BV-2C v\u00e4rmeavledande lamell och fl\u00e4kt.<\/p>\n<table class=\"product_table\">\n<tr>\n<th>termoelektrisk modul<\/th>\n<td>TEC2\uff0dB19808AC<\/td>\n<\/tr>\n<tr>\n<th>M\u00e5tt (mm)<\/th>\n<td>B160\u00d7D125\u00d7H87<\/td>\n<\/tr>\n<tr>\n<th>Str\u00f6mf\u00f6rs\u00f6rjning<\/th>\n<td>DC12V 5.5A<\/td>\n<\/tr>\n<tr>\n<th>Kylprestanda<\/th>\n<td>42.1W<\/td>\n<\/tr>\n<tr>\n<th>Design<\/th>\n<td>Kylsidan = aluminiumplatta,<br \/>\nUppv\u00e4rmningssidan = kylfl\u00e4ns och fl\u00e4kt<\/td>\n<\/tr>\n<\/table>\n<ul class=\"product_link\">\n<li><a class=\"btn_link\" href=\"https:\/\/thermoelectric-coolers.com\/sv\/wp-content\/themes\/zmax-peltier\/images\/cooler\/2021\/BV-2CHF_spec.pdf\" target=\"_blank\" rel=\"noopener noreferrer\"><i class=\"far fa-file-pdf\"><\/i> Specifikation<\/a><\/li>\n<li><a class=\"btn_link\" href=\"https:\/\/thermoelectric-coolers.com\/sv\/wp-content\/themes\/zmax-peltier\/images\/cooler\/2021\/BV-2CHF_drowing.pdf\" target=\"_blank\" rel=\"noopener noreferrer\"><i class=\"far fa-file-pdf\"><\/i> Ritning<\/a><\/li>\n<\/ul>\n<\/div>\n<\/div>\n<h3 class=\"line_left\">BV-2HHF<\/h3>\n<div class=\"cooler_detail__wrap\">\n<img decoding=\"async\" src=\"https:\/\/thermoelectric-coolers.com\/sv\/wp-content\/themes\/zmax-peltier\/images\/cooler\/2021\/BV-2HHF.jpg\" alt=\"BV-2HHF\" \/><\/p>\n<div class=\"cooler_detail__inner\">\n<p>Med BV-2H v\u00e4rmeavledande lamell och fl\u00e4kt.<\/p>\n<table class=\"product_table\">\n<th>termoelektrisk modul<\/th>\n<td>TEC1\uff0dB12708AC<\/td>\n<\/tr>\n<tr>\n<th>M\u00e5tt (mm)<\/th>\n<td>B160\u00d7D125\u00d7H83.5<\/td>\n<\/tr>\n<tr>\n<th>Str\u00f6mf\u00f6rs\u00f6rjning<\/th>\n<td>DC12V 6A<\/td>\n<\/tr>\n<tr>\n<th>Kylprestanda<\/th>\n<td>57.8W<\/td>\n<\/tr>\n<tr>\n<th>Design<\/th>\n<td>Kylsidan = aluminiumplatta,<br \/>\nUppv\u00e4rmningssidan = kylfl\u00e4ns och fl\u00e4kt<\/td>\n<\/tr>\n<\/table>\n<ul class=\"product_link\">\n<li><a class=\"btn_link\" href=\"https:\/\/thermoelectric-coolers.com\/sv\/wp-content\/themes\/zmax-peltier\/images\/cooler\/2021\/BV-2HHF_spec.pdf\" target=\"_blank\" rel=\"noopener noreferrer\"><i class=\"far fa-file-pdf\"><\/i> Specifikation<\/a><\/li>\n<li><a class=\"btn_link\" href=\"https:\/\/thermoelectric-coolers.com\/sv\/wp-content\/themes\/zmax-peltier\/images\/cooler\/2021\/BV-2HHF_drowing.pdf\" target=\"_blank\" rel=\"noopener noreferrer\"><i class=\"far fa-file-pdf\"><\/i> Ritning<\/a><\/li>\n<\/ul>\n<\/div>\n<\/div>\n<h3 class=\"line_left\">BV-2FL<\/h3>\n<div class=\"cooler_detail__wrap\">\n<img decoding=\"async\" src=\"https:\/\/thermoelectric-coolers.com\/sv\/wp-content\/themes\/zmax-peltier\/images\/cooler\/2021\/BV-2FL.jpg\" alt=\"BV-2FL\" \/><\/p>\n<div class=\"cooler_detail__inner\">\n<p>Med BV-2F vattenmantel.<\/p>\n<table class=\"product_table\">\n<tr>\n<th>termoelektrisk modul<\/th>\n<td>TEC1\uff0dB12707AC<\/td>\n<\/tr>\n<tr>\n<th>M\u00e5tt (mm)<\/th>\n<td>B92xD74xH41<\/td>\n<\/tr>\n<tr>\n<th>Str\u00f6mf\u00f6rs\u00f6rjning<\/th>\n<td>DC12V 6A<\/td>\n<\/tr>\n<tr>\n<th>Kylprestanda<\/th>\n<td>45.1W<\/td>\n<\/tr>\n<tr>\n<th>Design<\/th>\n<td>Kylsidan = aluminiumplatta,<br \/>\nUppv\u00e4rmningssidan = vattenmantel<br \/>\n(Vattenslang (tillval) f\u00f6r vattenkylning kr\u00e4vs.)<br \/>\nUppv\u00e4rmningssidan = kylfl\u00e4ns och fl\u00e4kt<\/td>\n<\/tr>\n<\/table>\n<\/div>\n<\/div>\n<h3 class=\"line_left\">BV-2CL<\/h3>\n<div class=\"cooler_detail__wrap\">\n<img decoding=\"async\" src=\"https:\/\/thermoelectric-coolers.com\/sv\/wp-content\/themes\/zmax-peltier\/images\/cooler\/2021\/BV-2CL.jpg\" alt=\"BV-2CL\" \/><\/p>\n<div class=\"cooler_detail__inner\">\n<p>Med BV-2C vattenmantel.<\/p>\n<table class=\"product_table\">\n<tr>\n<th>termoelektrisk modul<\/th>\n<td>TEC2\uff0dB19808AC<\/td>\n<\/tr>\n<tr>\n<th>M\u00e5tt (mm)<\/th>\n<td>B92xD74xH44<\/td>\n<\/tr>\n<tr>\n<th>Str\u00f6mf\u00f6rs\u00f6rjning<\/th>\n<td>DC12V 6A<\/td>\n<\/tr>\n<tr>\n<th>Kylprestanda<\/th>\n<td>42.1W<\/td>\n<\/tr>\n<tr>\n<th>Design<\/th>\n<td>Kylsidan = aluminiumplatta,<br \/>\nUppv\u00e4rmningssidan = vattenmantel<br \/>\n(Vattenslang (tillval) f\u00f6r vattenkylning kr\u00e4vs.)<br \/>\nUppv\u00e4rmningssidan = kylfl\u00e4ns och fl\u00e4kt<\/td>\n<\/tr>\n<\/table>\n<\/div>\n<\/div>\n<h3 class=\"line_left\">BV-2HL<\/h3>\n<div class=\"cooler_detail__wrap\">\n<img decoding=\"async\" src=\"https:\/\/thermoelectric-coolers.com\/sv\/wp-content\/themes\/zmax-peltier\/images\/cooler\/2021\/BV-2HL.jpg\" alt=\"BV-2HL\" \/><\/p>\n<div class=\"cooler_detail__inner\">\n<p>Med BV-2H vattenmantel.<\/p>\n<table class=\"product_table\">\n<tr>\n<th>termoelektrisk modul<\/th>\n<td>TEC1\uff0dB12708AC<\/td>\n<\/tr>\n<tr>\n<th>M\u00e5tt (mm)<\/th>\n<td>B92xD74xH40.5<\/td>\n<\/tr>\n<tr>\n<th>Str\u00f6mf\u00f6rs\u00f6rjning<\/th>\n<td>DC12V 6A<\/td>\n<\/tr>\n<tr>\n<th>Kylprestanda<\/th>\n<td>57.8W<\/td>\n<\/tr>\n<tr>\n<th>Design<\/th>\n<td>Kylsidan = aluminiumplatta,<br \/>\nUppv\u00e4rmningssidan = vattenmantel<br \/>\n(Vattenslang (tillval) f\u00f6r vattenkylning kr\u00e4vs.)<br \/>\nUppv\u00e4rmningssidan = kylfl\u00e4ns och fl\u00e4kt<\/td>\n<\/tr>\n<\/table>\n<\/div>\n<\/div>\n<\/div>\n<div id=\"cooler_option\" class=\"product_section section_wrap\">\n<h3 class=\"line_left\">Isoleringsram\uff08tillval\uff09<\/h3>\n<p>En s\u00e4rskild v\u00e4rmeisoleringsram finns som tillval.<\/p>\n<ul>\n<li>\n<img decoding=\"async\" src=\"https:\/\/thermoelectric-coolers.com\/sv\/wp-content\/themes\/zmax-peltier\/images\/cooler\/2021\/option01.jpg\" alt=\"Isoleringsram\" \/><\/p>\n<p>ZD-70-01\uff08v\u00e4nster\uff09\/ZD-100-01\uff08h\u00f6ger\uff09<\/p>\n<\/li>\n<li>\n<img decoding=\"async\" src=\"https:\/\/thermoelectric-coolers.com\/sv\/wp-content\/themes\/zmax-peltier\/images\/cooler\/2021\/option02.jpg\" alt=\"ZD-70-01\" \/><\/p>\n<p>Exempel p\u00e5 anv\u00e4ndning ZD-70-01<\/p>\n<\/li>\n<li>\n<img decoding=\"async\" src=\"https:\/\/thermoelectric-coolers.com\/sv\/wp-content\/themes\/zmax-peltier\/images\/cooler\/2021\/option03.jpg\" alt=\"ZD-100-01\" \/><\/p>\n<p>Exempel p\u00e5 anv\u00e4ndning ZD-100-01<\/p>\n<\/li>\n<\/ul>\n<\/div>\n","protected":false},"excerpt":{"rendered":"<p>Z-MAX Peltier-kylare \u25a0 Kan tillhandah\u00e5lla allt fr\u00e5n prisv\u00e4rda Peltier-kylare f\u00f6r allm\u00e4n anv\u00e4ndning till specia [&hellip;]<\/p>\n","protected":false},"author":2,"featured_media":0,"parent":54,"menu_order":0,"comment_status":"closed","ping_status":"closed","template":"","meta":{"_acf_changed":false,"footnotes":""},"class_list":["post-58","page","type-page","status-publish","hentry"],"acf":[],"yoast_head":"<!-- This site is optimized with the Yoast SEO plugin v26.9 - https:\/\/yoast.com\/product\/yoast-seo-wordpress\/ -->\n<title>KYLARENHET med h\u00f6g tillf\u00f6rlitlighet | Z-MAX Termoelektrisk kylare och Peltier module<\/title>\n<meta name=\"robots\" content=\"index, follow, max-snippet:-1, max-image-preview:large, max-video-preview:-1\" \/>\n<link rel=\"canonical\" href=\"https:\/\/thermoelectric-coolers.com\/sv\/product\/cooler\/\" \/>\n<meta property=\"og:locale\" content=\"ja_JP\" \/>\n<meta property=\"og:type\" content=\"article\" \/>\n<meta property=\"og:title\" content=\"KYLARENHET med h\u00f6g tillf\u00f6rlitlighet | Z-MAX Termoelektrisk kylare och Peltier module\" \/>\n<meta property=\"og:description\" content=\"Z-MAX Peltier-kylare \u25a0 Kan tillhandah\u00e5lla allt fr\u00e5n prisv\u00e4rda Peltier-kylare f\u00f6r allm\u00e4n anv\u00e4ndning till specia [&hellip;]\" \/>\n<meta property=\"og:url\" content=\"https:\/\/thermoelectric-coolers.com\/sv\/product\/cooler\/\" \/>\n<meta property=\"og:site_name\" content=\"Z-MAX Termoelektrisk kylare och Peltier module\" \/>\n<meta property=\"article:modified_time\" content=\"2023-02-22T02:50:02+00:00\" \/>\n<meta name=\"twitter:card\" content=\"summary_large_image\" \/>\n<meta name=\"twitter:label1\" content=\"\u63a8\u5b9a\u8aad\u307f\u53d6\u308a\u6642\u9593\" \/>\n\t<meta name=\"twitter:data1\" content=\"13\u5206\" \/>\n<script type=\"application\/ld+json\" class=\"yoast-schema-graph\">{\"@context\":\"https:\/\/schema.org\",\"@graph\":[{\"@type\":\"WebPage\",\"@id\":\"https:\/\/thermoelectric-coolers.com\/sv\/product\/cooler\/\",\"url\":\"https:\/\/thermoelectric-coolers.com\/sv\/product\/cooler\/\",\"name\":\"KYLARENHET med h\u00f6g tillf\u00f6rlitlighet | Z-MAX Termoelektrisk kylare och Peltier module\",\"isPartOf\":{\"@id\":\"https:\/\/thermoelectric-coolers.com\/sv\/#website\"},\"datePublished\":\"2018-11-09T04:03:26+00:00\",\"dateModified\":\"2023-02-22T02:50:02+00:00\",\"breadcrumb\":{\"@id\":\"https:\/\/thermoelectric-coolers.com\/sv\/product\/cooler\/#breadcrumb\"},\"inLanguage\":\"ja\",\"potentialAction\":[{\"@type\":\"ReadAction\",\"target\":[\"https:\/\/thermoelectric-coolers.com\/sv\/product\/cooler\/\"]}]},{\"@type\":\"BreadcrumbList\",\"@id\":\"https:\/\/thermoelectric-coolers.com\/sv\/product\/cooler\/#breadcrumb\",\"itemListElement\":[{\"@type\":\"ListItem\",\"position\":1,\"name\":\"\u30db\u30fc\u30e0\",\"item\":\"https:\/\/thermoelectric-coolers.com\/sv\/\"},{\"@type\":\"ListItem\",\"position\":2,\"name\":\"Produkter\",\"item\":\"https:\/\/thermoelectric-coolers.com\/sv\/product\/\"},{\"@type\":\"ListItem\",\"position\":3,\"name\":\"KYLARENHET med h\u00f6g tillf\u00f6rlitlighet\"}]},{\"@type\":\"WebSite\",\"@id\":\"https:\/\/thermoelectric-coolers.com\/sv\/#website\",\"url\":\"https:\/\/thermoelectric-coolers.com\/sv\/\",\"name\":\"Z-MAX Termoelektrisk kylare och Peltier module\",\"description\":\"Z-MAX has been providing not only thermoelectric cooler (module), but also peltier device and finished product using thermoelectric coolers since entering the thermoelectric industry in 1990. We design, manufacture, supply the OEM finished product and the product with the newest technology.\",\"potentialAction\":[{\"@type\":\"SearchAction\",\"target\":{\"@type\":\"EntryPoint\",\"urlTemplate\":\"https:\/\/thermoelectric-coolers.com\/sv\/?s={search_term_string}\"},\"query-input\":{\"@type\":\"PropertyValueSpecification\",\"valueRequired\":true,\"valueName\":\"search_term_string\"}}],\"inLanguage\":\"ja\"}]}<\/script>\n<!-- \/ Yoast SEO plugin. -->","yoast_head_json":{"title":"KYLARENHET med h\u00f6g tillf\u00f6rlitlighet | Z-MAX Termoelektrisk kylare och Peltier module","robots":{"index":"index","follow":"follow","max-snippet":"max-snippet:-1","max-image-preview":"max-image-preview:large","max-video-preview":"max-video-preview:-1"},"canonical":"https:\/\/thermoelectric-coolers.com\/sv\/product\/cooler\/","og_locale":"ja_JP","og_type":"article","og_title":"KYLARENHET med h\u00f6g tillf\u00f6rlitlighet | Z-MAX Termoelektrisk kylare och Peltier module","og_description":"Z-MAX Peltier-kylare \u25a0 Kan tillhandah\u00e5lla allt fr\u00e5n prisv\u00e4rda Peltier-kylare f\u00f6r allm\u00e4n anv\u00e4ndning till specia [&hellip;]","og_url":"https:\/\/thermoelectric-coolers.com\/sv\/product\/cooler\/","og_site_name":"Z-MAX Termoelektrisk kylare och Peltier module","article_modified_time":"2023-02-22T02:50:02+00:00","twitter_card":"summary_large_image","twitter_misc":{"\u63a8\u5b9a\u8aad\u307f\u53d6\u308a\u6642\u9593":"13\u5206"},"schema":{"@context":"https:\/\/schema.org","@graph":[{"@type":"WebPage","@id":"https:\/\/thermoelectric-coolers.com\/sv\/product\/cooler\/","url":"https:\/\/thermoelectric-coolers.com\/sv\/product\/cooler\/","name":"KYLARENHET med h\u00f6g tillf\u00f6rlitlighet | Z-MAX Termoelektrisk kylare och Peltier module","isPartOf":{"@id":"https:\/\/thermoelectric-coolers.com\/sv\/#website"},"datePublished":"2018-11-09T04:03:26+00:00","dateModified":"2023-02-22T02:50:02+00:00","breadcrumb":{"@id":"https:\/\/thermoelectric-coolers.com\/sv\/product\/cooler\/#breadcrumb"},"inLanguage":"ja","potentialAction":[{"@type":"ReadAction","target":["https:\/\/thermoelectric-coolers.com\/sv\/product\/cooler\/"]}]},{"@type":"BreadcrumbList","@id":"https:\/\/thermoelectric-coolers.com\/sv\/product\/cooler\/#breadcrumb","itemListElement":[{"@type":"ListItem","position":1,"name":"\u30db\u30fc\u30e0","item":"https:\/\/thermoelectric-coolers.com\/sv\/"},{"@type":"ListItem","position":2,"name":"Produkter","item":"https:\/\/thermoelectric-coolers.com\/sv\/product\/"},{"@type":"ListItem","position":3,"name":"KYLARENHET med h\u00f6g tillf\u00f6rlitlighet"}]},{"@type":"WebSite","@id":"https:\/\/thermoelectric-coolers.com\/sv\/#website","url":"https:\/\/thermoelectric-coolers.com\/sv\/","name":"Z-MAX Termoelektrisk kylare och Peltier module","description":"Z-MAX has been providing not only thermoelectric cooler (module), but also peltier device and finished product using thermoelectric coolers since entering the thermoelectric industry in 1990. We design, manufacture, supply the OEM finished product and the product with the newest technology.","potentialAction":[{"@type":"SearchAction","target":{"@type":"EntryPoint","urlTemplate":"https:\/\/thermoelectric-coolers.com\/sv\/?s={search_term_string}"},"query-input":{"@type":"PropertyValueSpecification","valueRequired":true,"valueName":"search_term_string"}}],"inLanguage":"ja"}]}},"_links":{"self":[{"href":"https:\/\/thermoelectric-coolers.com\/sv\/wp-json\/wp\/v2\/pages\/58","targetHints":{"allow":["GET"]}}],"collection":[{"href":"https:\/\/thermoelectric-coolers.com\/sv\/wp-json\/wp\/v2\/pages"}],"about":[{"href":"https:\/\/thermoelectric-coolers.com\/sv\/wp-json\/wp\/v2\/types\/page"}],"author":[{"embeddable":true,"href":"https:\/\/thermoelectric-coolers.com\/sv\/wp-json\/wp\/v2\/users\/2"}],"replies":[{"embeddable":true,"href":"https:\/\/thermoelectric-coolers.com\/sv\/wp-json\/wp\/v2\/comments?post=58"}],"version-history":[{"count":18,"href":"https:\/\/thermoelectric-coolers.com\/sv\/wp-json\/wp\/v2\/pages\/58\/revisions"}],"predecessor-version":[{"id":869,"href":"https:\/\/thermoelectric-coolers.com\/sv\/wp-json\/wp\/v2\/pages\/58\/revisions\/869"}],"up":[{"embeddable":true,"href":"https:\/\/thermoelectric-coolers.com\/sv\/wp-json\/wp\/v2\/pages\/54"}],"wp:attachment":[{"href":"https:\/\/thermoelectric-coolers.com\/sv\/wp-json\/wp\/v2\/media?parent=58"}],"curies":[{"name":"wp","href":"https:\/\/api.w.org\/{rel}","templated":true}]}}