{"id":570,"date":"2021-07-31T14:29:33","date_gmt":"2021-07-31T05:29:33","guid":{"rendered":"https:\/\/thermoelectric-coolers.com\/sv\/?page_id=570"},"modified":"2023-02-22T11:55:42","modified_gmt":"2023-02-22T02:55:42","slug":"genrator-module","status":"publish","type":"page","link":"https:\/\/thermoelectric-coolers.com\/sv\/product\/genrator-module\/","title":{"rendered":"Termoelektrisk generatormodul (TEG-modul)"},"content":{"rendered":"<div id=\"module_detail\" class=\"product_section section_wrap\">\n<div class=\"table_scroll\">\n<table class=\"product_table\">\n<thead>\n<tr>\n<th>modellnummer<\/th>\n<th>\u00d6ppen krets<br \/>Sp\u00e4nning(V)<\/th>\n<th>Matchad belastning<br \/>utg\u00e5ngssp\u00e4nning(V)<\/th>\n<th>Matchad belastning<br \/>uteffekt(W)<\/th>\n<th>Belastningsmotst\u00e5nd<br \/>(\u03a9)<\/th>\n<th>Motst\u00e5nd<br \/>(\u03a9)<\/th>\n<th colspan=\"3\">M\u00e5tt<br \/>(mm)<\/th>\n<th>Spec.<\/th>\n<\/tr>\n<\/thead>\n<tbody>\n<tr>\n<th>FM-BT-3107<\/th>\n<td>0.6<\/td>\n<td>0.3<\/td>\n<td>0.1<\/td>\n<td>0.6<\/td>\n<td>0.6<\/td>\n<td>20.0<\/td>\n<td>20.0<\/td>\n<td>3.90<\/td>\n<td><a href=\"https:\/\/thermoelectric-coolers.com\/sv\/wp-content\/themes\/zmax-peltier\/images\/genrator\/FM-BT-3107.pdf\" target=\"_blank\" rel=\"noopener noreferrer\"><i class=\"far fa-file-pdf\"><\/i><\/a><\/td>\n<\/tr>\n<tr>\n<th>FM-BT-3108<\/th>\n<td>0.6<\/td>\n<td>0.3<\/td>\n<td>0.2<\/td>\n<td>0.4<\/td>\n<td>0.4<\/td>\n<td>20.0<\/td>\n<td>20.0<\/td>\n<td>3.40<\/td>\n<td><a href=\"https:\/\/thermoelectric-coolers.com\/sv\/wp-content\/themes\/zmax-peltier\/images\/genrator\/FM-BT-3108.pdf\" target=\"_blank\" rel=\"noopener noreferrer\"><i class=\"far fa-file-pdf\"><\/i><\/a><\/td>\n<\/tr>\n<tr>\n<th>FM-BT-7102<\/th>\n<td>1.5<\/td>\n<td>0.7<\/td>\n<td>0.130<\/td>\n<td>4.29<\/td>\n<td>3.7<\/td>\n<td>20.0<\/td>\n<td>20.0<\/td>\n<td>4.70<\/td>\n<td><a href=\"https:\/\/thermoelectric-coolers.com\/sv\/wp-content\/themes\/zmax-peltier\/images\/genrator\/FM-BT-7102.pdf\" target=\"_blank\" rel=\"noopener noreferrer\"><i class=\"far fa-file-pdf\"><\/i><\/a><\/td>\n<\/tr>\n<tr>\n<th>FM-BT-7103<\/th>\n<td>1.5<\/td>\n<td>0.7<\/td>\n<td>0.195<\/td>\n<td>2.63<\/td>\n<td>2.20<\/td>\n<td>20.0<\/td>\n<td>20.0<\/td>\n<td>3.80<\/td>\n<td><a href=\"https:\/\/thermoelectric-coolers.com\/sv\/wp-content\/themes\/zmax-peltier\/images\/genrator\/FM-BT-7103.pdf\" target=\"_blank\" rel=\"noopener noreferrer\"><i class=\"far fa-file-pdf\"><\/i><\/a><\/td>\n<\/tr>\n<tr>\n<th>FM-BT-7104<\/th>\n<td>1.5<\/td>\n<td>0.7<\/td>\n<td>0.225<\/td>\n<td>2.27<\/td>\n<td>1.95<\/td>\n<td>20.0<\/td>\n<td>20.0<\/td>\n<td>3.60<\/td>\n<td><a href=\"https:\/\/thermoelectric-coolers.com\/sv\/wp-content\/themes\/zmax-peltier\/images\/genrator\/FM-BT-7104.pdf\" target=\"_blank\" rel=\"noopener noreferrer\"><i class=\"far fa-file-pdf\"><\/i><\/a><\/td>\n<\/tr>\n<tr>\n<th>FM-BT-7106<\/th>\n<td>1.5<\/td>\n<td>0.7<\/td>\n<td>0.330<\/td>\n<td>1.25<\/td>\n<td>1.05<\/td>\n<td>20.0<\/td>\n<td>20.0<\/td>\n<td>3.10<\/td>\n<td><a href=\"https:\/\/thermoelectric-coolers.com\/sv\/wp-content\/themes\/zmax-peltier\/images\/genrator\/FM-BT-7106.pdf\" target=\"_blank\" rel=\"noopener noreferrer\"><i class=\"far fa-file-pdf\"><\/i><\/a><\/td>\n<\/tr>\n<tr>\n<th>FM-BT-7107<\/th>\n<td>1.4<\/td>\n<td>0.6<\/td>\n<td>0.335<\/td>\n<td>1.47<\/td>\n<td>1.25<\/td>\n<td>30.0<\/td>\n<td>30.0<\/td>\n<td>3.95<\/td>\n<td><a href=\"https:\/\/thermoelectric-coolers.com\/sv\/wp-content\/themes\/zmax-peltier\/images\/genrator\/FM-BT-7107.pdf\" target=\"_blank\" rel=\"noopener noreferrer\"><i class=\"far fa-file-pdf\"><\/i><\/a><\/td>\n<\/tr>\n<tr>\n<th>FM-BT-7108<\/th>\n<td>1.4<\/td>\n<td>0.6<\/td>\n<td>0.410<\/td>\n<td>1.02<\/td>\n<td>0.85<\/td>\n<td>30.0<\/td>\n<td>30.0<\/td>\n<td>3.45<\/td>\n<td><a href=\"https:\/\/thermoelectric-coolers.com\/sv\/wp-content\/themes\/zmax-peltier\/images\/genrator\/FM-BT-7108.pdf\" target=\"_blank\" rel=\"noopener noreferrer\"><i class=\"far fa-file-pdf\"><\/i><\/a><\/td>\n<\/tr>\n<tr>\n<th>FM-BT-12702<\/th>\n<td>2.6<\/td>\n<td>1.2<\/td>\n<td>0.220<\/td>\n<td>7.77<\/td>\n<td>6.70<\/td>\n<td>30.0<\/td>\n<td>30.0<\/td>\n<td>4.75<\/td>\n<td><a href=\"https:\/\/thermoelectric-coolers.com\/sv\/wp-content\/themes\/zmax-peltier\/images\/genrator\/FM-BT-12702.pdf\" target=\"_blank\" rel=\"noopener noreferrer\"><i class=\"far fa-file-pdf\"><\/i><\/a><\/td>\n<\/tr>\n<tr>\n<th>FM-BT-12703<\/th>\n<td>2.6<\/td>\n<td>1.2<\/td>\n<td>0.320<\/td>\n<td>4.55<\/td>\n<td>4.00<\/td>\n<td>30.0<\/td>\n<td>30.0<\/td>\n<td>3.85<\/td>\n<td><a href=\"https:\/\/thermoelectric-coolers.com\/sv\/wp-content\/themes\/zmax-peltier\/images\/genrator\/FM-BT-12703.pdf\" target=\"_blank\" rel=\"noopener noreferrer\"><i class=\"far fa-file-pdf\"><\/i><\/a><\/td>\n<\/tr>\n<tr>\n<th>FM-BT-12704<\/th>\n<td>2.6<\/td>\n<td>1.2<\/td>\n<td>0.380<\/td>\n<td>4.09<\/td>\n<td>3.50<\/td>\n<td>30.0<\/td>\n<td>30.0<\/td>\n<td>3.65<\/td>\n<td><a href=\"https:\/\/thermoelectric-coolers.com\/sv\/wp-content\/themes\/zmax-peltier\/images\/genrator\/FM-BT-12704.pdf\" target=\"_blank\" rel=\"noopener noreferrer\"><i class=\"far fa-file-pdf\"><\/i><\/a><\/td>\n<\/tr>\n<tr>\n<th>FM-BT-12706<\/th>\n<td>2.6<\/td>\n<td>1.2<\/td>\n<td>0.560<\/td>\n<td>2.17<\/td>\n<td>1.90<\/td>\n<td>30.0<\/td>\n<td>30.0<\/td>\n<td>3.15<\/td>\n<td><a href=\"https:\/\/thermoelectric-coolers.com\/sv\/wp-content\/themes\/zmax-peltier\/images\/genrator\/FM-BT-12706.pdf\" target=\"_blank\" rel=\"noopener noreferrer\"><i class=\"far fa-file-pdf\"><\/i><\/a><\/td>\n<\/tr>\n<tr>\n<th>FM-BT-12707<\/th>\n<td>2.5<\/td>\n<td>1.1<\/td>\n<td>0.580<\/td>\n<td>2.55<\/td>\n<td>2.20<\/td>\n<td>40.0<\/td>\n<td>40.0<\/td>\n<td>3.95<\/td>\n<td><a href=\"https:\/\/thermoelectric-coolers.com\/sv\/wp-content\/themes\/zmax-peltier\/images\/genrator\/FM-BT-12707.pdf\" target=\"_blank\" rel=\"noopener noreferrer\"><i class=\"far fa-file-pdf\"><\/i><\/a><\/td>\n<\/tr>\n<tr>\n<th>FM-BT-12708<\/th>\n<td>2.5<\/td>\n<td>1.1<\/td>\n<td>0.740<\/td>\n<td>1.74<\/td>\n<td>1.50<\/td>\n<td>40.0<\/td>\n<td>40.0<\/td>\n<td>3.45<\/td>\n<td><a href=\"https:\/\/thermoelectric-coolers.com\/sv\/wp-content\/themes\/zmax-peltier\/images\/genrator\/FM-BT-12708.pdf\" target=\"_blank\" rel=\"noopener noreferrer\"><i class=\"far fa-file-pdf\"><\/i><\/a><\/td>\n<\/tr>\n<\/tbody>\n<\/table>\n<\/div>\n<p>*Testf\u00f6rh\u00e5llanden: Th = 80 \u00b0C, Tc = 30 \u00b0C<br \/>\n*Max driftstemperatur: 200 \u00b0C<\/p>\n<\/div>\n","protected":false},"excerpt":{"rendered":"<p>modellnummer \u00d6ppen kretsSp\u00e4nning(V) Matchad belastningutg\u00e5ngssp\u00e4nning(V) Matchad belastninguteffekt(W) Belastn [&hellip;]<\/p>\n","protected":false},"author":3,"featured_media":0,"parent":54,"menu_order":0,"comment_status":"closed","ping_status":"closed","template":"","meta":{"_acf_changed":false,"footnotes":""},"class_list":["post-570","page","type-page","status-publish","hentry"],"acf":[],"yoast_head":"<!-- This site is optimized with the Yoast SEO plugin v26.9 - https:\/\/yoast.com\/product\/yoast-seo-wordpress\/ -->\n<title>Termoelektrisk generatormodul (TEG-modul) | Z-MAX Termoelektrisk kylare och Peltier module<\/title>\n<meta name=\"robots\" content=\"index, follow, max-snippet:-1, max-image-preview:large, max-video-preview:-1\" \/>\n<link rel=\"canonical\" href=\"https:\/\/thermoelectric-coolers.com\/sv\/product\/genrator-module\/\" \/>\n<meta property=\"og:locale\" content=\"ja_JP\" \/>\n<meta property=\"og:type\" content=\"article\" \/>\n<meta property=\"og:title\" content=\"Termoelektrisk generatormodul (TEG-modul) | Z-MAX Termoelektrisk kylare och Peltier module\" \/>\n<meta property=\"og:description\" content=\"modellnummer \u00d6ppen kretsSp\u00e4nning(V) Matchad belastningutg\u00e5ngssp\u00e4nning(V) Matchad belastninguteffekt(W) Belastn [&hellip;]\" \/>\n<meta property=\"og:url\" content=\"https:\/\/thermoelectric-coolers.com\/sv\/product\/genrator-module\/\" \/>\n<meta property=\"og:site_name\" content=\"Z-MAX Termoelektrisk kylare och Peltier module\" \/>\n<meta property=\"article:modified_time\" content=\"2023-02-22T02:55:42+00:00\" \/>\n<meta name=\"twitter:card\" content=\"summary_large_image\" \/>\n<meta name=\"twitter:label1\" content=\"\u63a8\u5b9a\u8aad\u307f\u53d6\u308a\u6642\u9593\" \/>\n\t<meta name=\"twitter:data1\" content=\"2\u5206\" \/>\n<script type=\"application\/ld+json\" class=\"yoast-schema-graph\">{\"@context\":\"https:\/\/schema.org\",\"@graph\":[{\"@type\":\"WebPage\",\"@id\":\"https:\/\/thermoelectric-coolers.com\/sv\/product\/genrator-module\/\",\"url\":\"https:\/\/thermoelectric-coolers.com\/sv\/product\/genrator-module\/\",\"name\":\"Termoelektrisk generatormodul (TEG-modul) | Z-MAX Termoelektrisk kylare och Peltier module\",\"isPartOf\":{\"@id\":\"https:\/\/thermoelectric-coolers.com\/sv\/#website\"},\"datePublished\":\"2021-07-31T05:29:33+00:00\",\"dateModified\":\"2023-02-22T02:55:42+00:00\",\"breadcrumb\":{\"@id\":\"https:\/\/thermoelectric-coolers.com\/sv\/product\/genrator-module\/#breadcrumb\"},\"inLanguage\":\"ja\",\"potentialAction\":[{\"@type\":\"ReadAction\",\"target\":[\"https:\/\/thermoelectric-coolers.com\/sv\/product\/genrator-module\/\"]}]},{\"@type\":\"BreadcrumbList\",\"@id\":\"https:\/\/thermoelectric-coolers.com\/sv\/product\/genrator-module\/#breadcrumb\",\"itemListElement\":[{\"@type\":\"ListItem\",\"position\":1,\"name\":\"\u30db\u30fc\u30e0\",\"item\":\"https:\/\/thermoelectric-coolers.com\/sv\/\"},{\"@type\":\"ListItem\",\"position\":2,\"name\":\"Produkter\",\"item\":\"https:\/\/thermoelectric-coolers.com\/sv\/product\/\"},{\"@type\":\"ListItem\",\"position\":3,\"name\":\"Termoelektrisk generatormodul (TEG-modul)\"}]},{\"@type\":\"WebSite\",\"@id\":\"https:\/\/thermoelectric-coolers.com\/sv\/#website\",\"url\":\"https:\/\/thermoelectric-coolers.com\/sv\/\",\"name\":\"Z-MAX Termoelektrisk kylare och Peltier module\",\"description\":\"Z-MAX has been providing not only thermoelectric cooler (module), but also peltier device and finished product using thermoelectric coolers since entering the thermoelectric industry in 1990. We design, manufacture, supply the OEM finished product and the product with the newest technology.\",\"potentialAction\":[{\"@type\":\"SearchAction\",\"target\":{\"@type\":\"EntryPoint\",\"urlTemplate\":\"https:\/\/thermoelectric-coolers.com\/sv\/?s={search_term_string}\"},\"query-input\":{\"@type\":\"PropertyValueSpecification\",\"valueRequired\":true,\"valueName\":\"search_term_string\"}}],\"inLanguage\":\"ja\"}]}<\/script>\n<!-- \/ Yoast SEO plugin. -->","yoast_head_json":{"title":"Termoelektrisk generatormodul (TEG-modul) | Z-MAX Termoelektrisk kylare och Peltier module","robots":{"index":"index","follow":"follow","max-snippet":"max-snippet:-1","max-image-preview":"max-image-preview:large","max-video-preview":"max-video-preview:-1"},"canonical":"https:\/\/thermoelectric-coolers.com\/sv\/product\/genrator-module\/","og_locale":"ja_JP","og_type":"article","og_title":"Termoelektrisk generatormodul (TEG-modul) | Z-MAX Termoelektrisk kylare och Peltier module","og_description":"modellnummer \u00d6ppen kretsSp\u00e4nning(V) Matchad belastningutg\u00e5ngssp\u00e4nning(V) Matchad belastninguteffekt(W) Belastn [&hellip;]","og_url":"https:\/\/thermoelectric-coolers.com\/sv\/product\/genrator-module\/","og_site_name":"Z-MAX Termoelektrisk kylare och Peltier module","article_modified_time":"2023-02-22T02:55:42+00:00","twitter_card":"summary_large_image","twitter_misc":{"\u63a8\u5b9a\u8aad\u307f\u53d6\u308a\u6642\u9593":"2\u5206"},"schema":{"@context":"https:\/\/schema.org","@graph":[{"@type":"WebPage","@id":"https:\/\/thermoelectric-coolers.com\/sv\/product\/genrator-module\/","url":"https:\/\/thermoelectric-coolers.com\/sv\/product\/genrator-module\/","name":"Termoelektrisk generatormodul (TEG-modul) | Z-MAX Termoelektrisk kylare och Peltier module","isPartOf":{"@id":"https:\/\/thermoelectric-coolers.com\/sv\/#website"},"datePublished":"2021-07-31T05:29:33+00:00","dateModified":"2023-02-22T02:55:42+00:00","breadcrumb":{"@id":"https:\/\/thermoelectric-coolers.com\/sv\/product\/genrator-module\/#breadcrumb"},"inLanguage":"ja","potentialAction":[{"@type":"ReadAction","target":["https:\/\/thermoelectric-coolers.com\/sv\/product\/genrator-module\/"]}]},{"@type":"BreadcrumbList","@id":"https:\/\/thermoelectric-coolers.com\/sv\/product\/genrator-module\/#breadcrumb","itemListElement":[{"@type":"ListItem","position":1,"name":"\u30db\u30fc\u30e0","item":"https:\/\/thermoelectric-coolers.com\/sv\/"},{"@type":"ListItem","position":2,"name":"Produkter","item":"https:\/\/thermoelectric-coolers.com\/sv\/product\/"},{"@type":"ListItem","position":3,"name":"Termoelektrisk generatormodul (TEG-modul)"}]},{"@type":"WebSite","@id":"https:\/\/thermoelectric-coolers.com\/sv\/#website","url":"https:\/\/thermoelectric-coolers.com\/sv\/","name":"Z-MAX Termoelektrisk kylare och Peltier module","description":"Z-MAX has been providing not only thermoelectric cooler (module), but also peltier device and finished product using thermoelectric coolers since entering the thermoelectric industry in 1990. We design, manufacture, supply the OEM finished product and the product with the newest technology.","potentialAction":[{"@type":"SearchAction","target":{"@type":"EntryPoint","urlTemplate":"https:\/\/thermoelectric-coolers.com\/sv\/?s={search_term_string}"},"query-input":{"@type":"PropertyValueSpecification","valueRequired":true,"valueName":"search_term_string"}}],"inLanguage":"ja"}]}},"_links":{"self":[{"href":"https:\/\/thermoelectric-coolers.com\/sv\/wp-json\/wp\/v2\/pages\/570","targetHints":{"allow":["GET"]}}],"collection":[{"href":"https:\/\/thermoelectric-coolers.com\/sv\/wp-json\/wp\/v2\/pages"}],"about":[{"href":"https:\/\/thermoelectric-coolers.com\/sv\/wp-json\/wp\/v2\/types\/page"}],"author":[{"embeddable":true,"href":"https:\/\/thermoelectric-coolers.com\/sv\/wp-json\/wp\/v2\/users\/3"}],"replies":[{"embeddable":true,"href":"https:\/\/thermoelectric-coolers.com\/sv\/wp-json\/wp\/v2\/comments?post=570"}],"version-history":[{"count":11,"href":"https:\/\/thermoelectric-coolers.com\/sv\/wp-json\/wp\/v2\/pages\/570\/revisions"}],"predecessor-version":[{"id":872,"href":"https:\/\/thermoelectric-coolers.com\/sv\/wp-json\/wp\/v2\/pages\/570\/revisions\/872"}],"up":[{"embeddable":true,"href":"https:\/\/thermoelectric-coolers.com\/sv\/wp-json\/wp\/v2\/pages\/54"}],"wp:attachment":[{"href":"https:\/\/thermoelectric-coolers.com\/sv\/wp-json\/wp\/v2\/media?parent=570"}],"curies":[{"name":"wp","href":"https:\/\/api.w.org\/{rel}","templated":true}]}}