{"id":496,"date":"2021-05-03T08:15:17","date_gmt":"2021-05-02T23:15:17","guid":{"rendered":"https:\/\/thermoelectric-coolers.com\/sv\/?page_id=496"},"modified":"2023-02-22T12:41:15","modified_gmt":"2023-02-22T03:41:15","slug":"history","status":"publish","type":"page","link":"https:\/\/thermoelectric-coolers.com\/sv\/company\/history\/","title":{"rendered":"V\u00e5r historia"},"content":{"rendered":"<section id=\"history_wrap\" class=\"section_wrap\">\n<div id=\"fujitaka_history\">\n<h2>Fujitaka<\/h2>\n<table class=\"history_table\">\n<tr>\n<th>1917<\/th>\n<td>Tomitaro Takai grundar ett f\u00f6retag i Kyoto.<br \/>\nB\u00f6rjar tillverka och s\u00e4lja m\u00f6bler.<\/td>\n<\/tr>\n<tr>\n<th>1956<\/th>\n<td>B\u00f6rjar tillverka och s\u00e4lja varuautomater.<\/td>\n<\/tr>\n<tr>\n<th>1964<\/th>\n<td>Framg\u00e5ngsrik utveckling av massproduktion av aluminiumvitriner f\u00f6r cigarettbutiker.<\/td>\n<\/tr>\n<tr>\n<th>1991<\/th>\n<td>B\u00f6rjar som Fujitaka Corporation s\u00e4lja Peltier-element och termoelektriska kylsk\u00e5p.<\/td>\n<\/tr>\n<tr>\n<th>1993<\/th>\n<td>Startar tillverkning av Peltier-enheter i Qinhuangdao, Kina.<\/td>\n<\/tr>\n<tr>\n<th>1994<\/th>\n<td>Utvecklar en Peltier-enhet i samarbete med Ukrainas termoelektriska forskningsinstitut.<\/td>\n<\/tr>\n<tr>\n<th>1996<\/th>\n<td>B\u00f6rjar s\u00e4lja det egenutvecklade kylsk\u00e5pet \u201dPernize-serien\u201d.<\/td>\n<\/tr>\n<tr>\n<th>1997<\/th>\n<td>Startar OEM-tillverkning av kyld inkubator.<\/td>\n<\/tr>\n<tr>\n<th>2005<\/th>\n<td>B\u00f6rjar s\u00e4lja den h\u00f6gpresterande Peltier-modulen \u201dGL-\u2161-serien\u201d.<\/td>\n<\/tr>\n<tr>\n<th>2006<\/th>\n<td>B\u00f6rjar s\u00e4lja den h\u00f6gpresterande kylenheten \u201dPV-2-serien\u201d.<\/td>\n<\/tr>\n<tr>\n<th>2007<\/th>\n<td>B\u00f6rjar s\u00e4lja vink\u00e4llare som importeras fr\u00e5n Frankrike.<\/td>\n<\/tr>\n<tr>\n<th>2009<\/th>\n<td>B\u00f6rjar s\u00e4lja vink\u00e4llare som importeras fr\u00e5n Danmark.<\/td>\n<\/tr>\n<\/table>\n<\/div>\n<div id=\"z-max_history\">\n<h2>Z-MAX<\/h2>\n<table class=\"history_table\">\n<tr>\n<th>2009<\/th>\n<td>Blir oberoende av Fujitaka.<\/td>\n<\/tr>\n<tr>\n<th>2011<\/th>\n<td>Kyoto-filialen flyttar till v\u00e5r nuvarande plats i Fushimi, Kyoto.<br \/>\n\u00d6ppnar en filial i Shenzhen, Kina.<\/td>\n<\/tr>\n<tr>\n<th>2013<\/th>\n<td>\u00d6ppnar en filial i Hongkong.<\/td>\n<\/tr>\n<tr>\n<th>2015<\/th>\n<td>Tar \u00f6ver Qinhungdao Suntech Technology Co. Ltd<\/td>\n<\/tr>\n<tr>\n<th>2016<\/th>\n<td>B\u00f6rjar med tillverkning av kablage.<\/td>\n<\/tr>\n<tr>\n<th>2018<\/th>\n<td>Qinhuangdao Fulianjing Electronics Co., Ltd. noteras p\u00e5 den nya OTC-marknaden (handel \u00f6ver disk) i Kina.<br \/>Relocated Suntech Technology Co. Ltd to Qinhungdao.<\/td>\n<\/tr>\n<tr>\n<th>2020<\/th>\n<td>New factory of Qinhuangdao Fulianjing Electronics Co., Ltd begins operation.<\/td>\n<\/tr>\n<\/table>\n<\/div>\n<\/section>\n","protected":false},"excerpt":{"rendered":"<p>Fujitaka 1917 Tomitaro Takai grundar ett f\u00f6retag i Kyoto. B\u00f6rjar tillverka och s\u00e4lja m\u00f6bler. 1956 B\u00f6rjar tillv [&hellip;]<\/p>\n","protected":false},"author":3,"featured_media":0,"parent":476,"menu_order":0,"comment_status":"closed","ping_status":"closed","template":"","meta":{"_acf_changed":false,"footnotes":""},"class_list":["post-496","page","type-page","status-publish","hentry"],"acf":[],"yoast_head":"<!-- This site is optimized with the Yoast SEO plugin v26.9 - https:\/\/yoast.com\/product\/yoast-seo-wordpress\/ -->\n<title>V\u00e5r historia | Z-MAX Termoelektrisk kylare och Peltier module<\/title>\n<meta name=\"robots\" content=\"index, follow, max-snippet:-1, max-image-preview:large, max-video-preview:-1\" \/>\n<link rel=\"canonical\" href=\"https:\/\/thermoelectric-coolers.com\/sv\/company\/history\/\" \/>\n<meta property=\"og:locale\" content=\"ja_JP\" \/>\n<meta property=\"og:type\" content=\"article\" \/>\n<meta property=\"og:title\" content=\"V\u00e5r historia | Z-MAX Termoelektrisk kylare och Peltier module\" \/>\n<meta property=\"og:description\" content=\"Fujitaka 1917 Tomitaro Takai grundar ett f\u00f6retag i Kyoto. B\u00f6rjar tillverka och s\u00e4lja m\u00f6bler. 1956 B\u00f6rjar tillv [&hellip;]\" \/>\n<meta property=\"og:url\" content=\"https:\/\/thermoelectric-coolers.com\/sv\/company\/history\/\" \/>\n<meta property=\"og:site_name\" content=\"Z-MAX Termoelektrisk kylare och Peltier module\" \/>\n<meta property=\"article:modified_time\" content=\"2023-02-22T03:41:15+00:00\" \/>\n<meta name=\"twitter:card\" content=\"summary_large_image\" \/>\n<meta name=\"twitter:label1\" content=\"\u63a8\u5b9a\u8aad\u307f\u53d6\u308a\u6642\u9593\" \/>\n\t<meta name=\"twitter:data1\" content=\"4\u5206\" \/>\n<script type=\"application\/ld+json\" class=\"yoast-schema-graph\">{\"@context\":\"https:\/\/schema.org\",\"@graph\":[{\"@type\":\"WebPage\",\"@id\":\"https:\/\/thermoelectric-coolers.com\/sv\/company\/history\/\",\"url\":\"https:\/\/thermoelectric-coolers.com\/sv\/company\/history\/\",\"name\":\"V\u00e5r historia | Z-MAX Termoelektrisk kylare och Peltier module\",\"isPartOf\":{\"@id\":\"https:\/\/thermoelectric-coolers.com\/sv\/#website\"},\"datePublished\":\"2021-05-02T23:15:17+00:00\",\"dateModified\":\"2023-02-22T03:41:15+00:00\",\"breadcrumb\":{\"@id\":\"https:\/\/thermoelectric-coolers.com\/sv\/company\/history\/#breadcrumb\"},\"inLanguage\":\"ja\",\"potentialAction\":[{\"@type\":\"ReadAction\",\"target\":[\"https:\/\/thermoelectric-coolers.com\/sv\/company\/history\/\"]}]},{\"@type\":\"BreadcrumbList\",\"@id\":\"https:\/\/thermoelectric-coolers.com\/sv\/company\/history\/#breadcrumb\",\"itemListElement\":[{\"@type\":\"ListItem\",\"position\":1,\"name\":\"\u30db\u30fc\u30e0\",\"item\":\"https:\/\/thermoelectric-coolers.com\/sv\/\"},{\"@type\":\"ListItem\",\"position\":2,\"name\":\"Om Z-MAX\",\"item\":\"https:\/\/thermoelectric-coolers.com\/sv\/company\/\"},{\"@type\":\"ListItem\",\"position\":3,\"name\":\"V\u00e5r historia\"}]},{\"@type\":\"WebSite\",\"@id\":\"https:\/\/thermoelectric-coolers.com\/sv\/#website\",\"url\":\"https:\/\/thermoelectric-coolers.com\/sv\/\",\"name\":\"Z-MAX Termoelektrisk kylare och Peltier module\",\"description\":\"Z-MAX has been providing not only thermoelectric cooler (module), but also peltier device and finished product using thermoelectric coolers since entering the thermoelectric industry in 1990. We design, manufacture, supply the OEM finished product and the product with the newest technology.\",\"potentialAction\":[{\"@type\":\"SearchAction\",\"target\":{\"@type\":\"EntryPoint\",\"urlTemplate\":\"https:\/\/thermoelectric-coolers.com\/sv\/?s={search_term_string}\"},\"query-input\":{\"@type\":\"PropertyValueSpecification\",\"valueRequired\":true,\"valueName\":\"search_term_string\"}}],\"inLanguage\":\"ja\"}]}<\/script>\n<!-- \/ Yoast SEO plugin. -->","yoast_head_json":{"title":"V\u00e5r historia | Z-MAX Termoelektrisk kylare och Peltier module","robots":{"index":"index","follow":"follow","max-snippet":"max-snippet:-1","max-image-preview":"max-image-preview:large","max-video-preview":"max-video-preview:-1"},"canonical":"https:\/\/thermoelectric-coolers.com\/sv\/company\/history\/","og_locale":"ja_JP","og_type":"article","og_title":"V\u00e5r historia | Z-MAX Termoelektrisk kylare och Peltier module","og_description":"Fujitaka 1917 Tomitaro Takai grundar ett f\u00f6retag i Kyoto. B\u00f6rjar tillverka och s\u00e4lja m\u00f6bler. 1956 B\u00f6rjar tillv [&hellip;]","og_url":"https:\/\/thermoelectric-coolers.com\/sv\/company\/history\/","og_site_name":"Z-MAX Termoelektrisk kylare och Peltier module","article_modified_time":"2023-02-22T03:41:15+00:00","twitter_card":"summary_large_image","twitter_misc":{"\u63a8\u5b9a\u8aad\u307f\u53d6\u308a\u6642\u9593":"4\u5206"},"schema":{"@context":"https:\/\/schema.org","@graph":[{"@type":"WebPage","@id":"https:\/\/thermoelectric-coolers.com\/sv\/company\/history\/","url":"https:\/\/thermoelectric-coolers.com\/sv\/company\/history\/","name":"V\u00e5r historia | Z-MAX Termoelektrisk kylare och Peltier module","isPartOf":{"@id":"https:\/\/thermoelectric-coolers.com\/sv\/#website"},"datePublished":"2021-05-02T23:15:17+00:00","dateModified":"2023-02-22T03:41:15+00:00","breadcrumb":{"@id":"https:\/\/thermoelectric-coolers.com\/sv\/company\/history\/#breadcrumb"},"inLanguage":"ja","potentialAction":[{"@type":"ReadAction","target":["https:\/\/thermoelectric-coolers.com\/sv\/company\/history\/"]}]},{"@type":"BreadcrumbList","@id":"https:\/\/thermoelectric-coolers.com\/sv\/company\/history\/#breadcrumb","itemListElement":[{"@type":"ListItem","position":1,"name":"\u30db\u30fc\u30e0","item":"https:\/\/thermoelectric-coolers.com\/sv\/"},{"@type":"ListItem","position":2,"name":"Om Z-MAX","item":"https:\/\/thermoelectric-coolers.com\/sv\/company\/"},{"@type":"ListItem","position":3,"name":"V\u00e5r historia"}]},{"@type":"WebSite","@id":"https:\/\/thermoelectric-coolers.com\/sv\/#website","url":"https:\/\/thermoelectric-coolers.com\/sv\/","name":"Z-MAX Termoelektrisk kylare och Peltier module","description":"Z-MAX has been providing not only thermoelectric cooler (module), but also peltier device and finished product using thermoelectric coolers since entering the thermoelectric industry in 1990. We design, manufacture, supply the OEM finished product and the product with the newest technology.","potentialAction":[{"@type":"SearchAction","target":{"@type":"EntryPoint","urlTemplate":"https:\/\/thermoelectric-coolers.com\/sv\/?s={search_term_string}"},"query-input":{"@type":"PropertyValueSpecification","valueRequired":true,"valueName":"search_term_string"}}],"inLanguage":"ja"}]}},"_links":{"self":[{"href":"https:\/\/thermoelectric-coolers.com\/sv\/wp-json\/wp\/v2\/pages\/496","targetHints":{"allow":["GET"]}}],"collection":[{"href":"https:\/\/thermoelectric-coolers.com\/sv\/wp-json\/wp\/v2\/pages"}],"about":[{"href":"https:\/\/thermoelectric-coolers.com\/sv\/wp-json\/wp\/v2\/types\/page"}],"author":[{"embeddable":true,"href":"https:\/\/thermoelectric-coolers.com\/sv\/wp-json\/wp\/v2\/users\/3"}],"replies":[{"embeddable":true,"href":"https:\/\/thermoelectric-coolers.com\/sv\/wp-json\/wp\/v2\/comments?post=496"}],"version-history":[{"count":7,"href":"https:\/\/thermoelectric-coolers.com\/sv\/wp-json\/wp\/v2\/pages\/496\/revisions"}],"predecessor-version":[{"id":885,"href":"https:\/\/thermoelectric-coolers.com\/sv\/wp-json\/wp\/v2\/pages\/496\/revisions\/885"}],"up":[{"embeddable":true,"href":"https:\/\/thermoelectric-coolers.com\/sv\/wp-json\/wp\/v2\/pages\/476"}],"wp:attachment":[{"href":"https:\/\/thermoelectric-coolers.com\/sv\/wp-json\/wp\/v2\/media?parent=496"}],"curies":[{"name":"wp","href":"https:\/\/api.w.org\/{rel}","templated":true}]}}