{"id":486,"date":"2021-05-03T07:58:17","date_gmt":"2021-05-02T22:58:17","guid":{"rendered":"https:\/\/thermoelectric-coolers.com\/sv\/?page_id=486"},"modified":"2023-02-22T12:36:56","modified_gmt":"2023-02-22T03:36:56","slug":"overview","status":"publish","type":"page","link":"https:\/\/thermoelectric-coolers.com\/sv\/company\/overview\/","title":{"rendered":"F\u00f6retags\u00f6versikt"},"content":{"rendered":"<section class=\"section_wrap\">\n<h2>F\u00f6retags\u00f6versikt<\/h2>\n<table id=\"company_table\">\n<tr>\n<th>F\u00f6retagets namn<\/th>\n<td>Z-Max Co., Ltd.<\/td>\n<\/tr>\n<tr>\n<th>Grundades<\/th>\n<td>18 november 2009<\/td>\n<\/tr>\n<tr>\n<th>Kapital<\/th>\n<td>10,000,000 JPY<\/td>\n<\/tr>\n<tr>\n<th>VD<\/th>\n<td>Junji Takai, VD<\/td>\n<\/tr>\n<tr>\n<th>Anst\u00e4llda<\/th>\n<td>440 (januari 2022\/inklusive utomlands)<\/td>\n<\/tr>\n<tr>\n<th>Bankpartner<\/th>\n<td>Mitsui Sumitomo, filial Hamamatsu-cho<br \/>\nMizuho, filial Shinbashi<\/td>\n<\/tr>\n<\/table>\n<\/section>\n<div id=\"access\" class=\"section_wrap\">\n<h2>N\u00e4rst\u00e5ende f\u00f6retag<\/h2>\n<h3>Japan<\/h3>\n<ul>\n<li>\n<h4>Headquarters<\/h4>\n<p>AD Building 4F, 1-11-9, Hamamatsu-cho, Minato-ku, Tokyo, Japan 105-0013<br \/>\nTEL.+81\u20123\u20125408\u20129610<br \/>\nFAX.+81\u20123\u20125408\u20129641<\/p>\n<div class=\"map\">\n<iframe src=\"https:\/\/www.google.com\/maps\/embed?pb=!1m14!1m8!1m3!1d12966.95804294841!2d139.756202!3d35.658789!3m2!1i1024!2i768!4f13.1!3m3!1m2!1s0x0%3A0x868d85cc1bcff9be!2zWi1NYXgg5qCq5byP5Lya56S-IOODmuODq-ODgeOCp-e0oOWtkA!5e0!3m2!1sja!2sjp!4v1619998216672!5m2!1sja!2sjp\" width=\"600\" height=\"450\" style=\"border:0;\" allowfullscreen=\"\" loading=\"lazy\"><\/iframe>\n<\/div>\n<\/li>\n<li>\n<h4>Kyoto office<\/h4>\n<p>303-1, Hazukashi-hishikawa-cho, Fushimi-ku, Kyoto, Japan 612-8487<br \/>\nTEL.+81-75-932-2361<br \/>\nFAX.+81-75-932-2367<\/p>\n<div class=\"map\">\n<iframe src=\"https:\/\/www.google.com\/maps\/embed?pb=!1m14!1m8!1m3!1d52336.63219160077!2d135.72061!3d34.930546!3m2!1i1024!2i768!4f13.1!3m3!1m2!1s0x0%3A0x369d1596e636f45!2zKOagqinjgrjjg7zjg57jg4Pjgq_jgrkg5Lqs6YO95pSv5bqX!5e0!3m2!1sja!2sjp!4v1619998242505!5m2!1sja!2sjp\" width=\"600\" height=\"450\" style=\"border:0;\" allowfullscreen=\"\" loading=\"lazy\"><\/iframe>\n<\/div>\n<\/li>\n<\/ul>\n<h3>China \/ Hong Kong<\/h3>\n<ul>\n<li>\n<h4>Qinhuangdao Fulianjing Electronics Co. Ltd<br \/>\uff08Thermoelectric module Factory\uff09<\/h4>\n<p>No.11 Jingpohu Road,<br \/>\nEconomic And Technida Development Zone,<br \/>Qinhuangdao, Hebei, China<br \/>\nTEL.+86-335-5909-138<br \/>\nFAX.+86-335-5909-137<\/p>\n<\/li>\n<li>\n<h4>Qihuangdao Suntec Technology Co., Ltd<br \/>\uff08Ceramics Factory\uff09<\/h4>\n<p>Yifeng Electronics Park, East of ZiFeng Village,<br \/>\nDu Zhen Tuo Cun, Haigang District, Qinhuangdao, Hebei, China<br \/>\nTEL.+86\u2012335\u20123145\u2012540<br \/>\nFAX.+86\u2012335\u20123145\u2012540<br \/>\n<a href=\"http:\/\/www.suntech-ceramic.com\/en\/\" target=\"_blank\" rel=\"noopener\">http:\/\/www.suntech-ceramic.com\/en\/<\/a><\/p>\n<\/li>\n<li>\n<h4>Hong Kong Branch<br \/>(International Department)<\/h4>\n<p>Room 1502, Wealth Commercial Centre, No.48, Kwong Wa Street, Mongkok, Kowloon, Hong Kong.<br \/>\nTEL.+852-3743-0356<br \/>\nFAX.+852-2267-8070<\/p>\n<div class=\"map\">\n<iframe src=\"https:\/\/www.google.com\/maps\/embed?pb=!1m18!1m12!1m3!1d2194.6718572596337!2d114.1733059949806!3d22.316467746492656!2m3!1f0!2f0!3f0!3m2!1i1024!2i768!4f13.1!3m3!1m2!1s0x340400c6800884c1%3A0xb05ab1ad34beb006!2z5bqD55m65ZWG5qWt5Lit5b-DIDQ4IEt3b25nIFdhIFN0LCBNb25nIEtvaywg6aaZ5riv!5e0!3m2!1sja!2sjp!4v1624489814364!5m2!1sja!2sjp\" width=\"600\" height=\"450\" style=\"border:0;\" allowfullscreen=\"\" loading=\"lazy\"><\/iframe>\n<\/div>\n<\/li>\n<li>\n<h4>Shenzhen Branch<\/h4>\n<p>520 Guanlida Mansion, Qianjin Rd., Xin&#8217;an St., Bao&#8217;an, Shenzhen, Guangdong, China<br \/>\nTEL.+86\u2012755\u20122780\u20129943<br \/>\nFAX.+86\u2012755\u20122780\u20129943<\/p>\n<\/li>\n<\/ul>\n<p><a class=\"btn_link\" style=\"text-align:center;\" href=\"\/inquiry\/#inquiry_list\">Distributors Information<\/a>\n<\/div>\n","protected":false},"excerpt":{"rendered":"<p>F\u00f6retags\u00f6versikt F\u00f6retagets namn Z-Max Co., Ltd. Grundades 18 november 2009 Kapital 10,000,000 JPY VD Junji Ta [&hellip;]<\/p>\n","protected":false},"author":3,"featured_media":0,"parent":476,"menu_order":0,"comment_status":"closed","ping_status":"closed","template":"","meta":{"_acf_changed":false,"footnotes":""},"class_list":["post-486","page","type-page","status-publish","hentry"],"acf":[],"yoast_head":"<!-- This site is optimized with the Yoast SEO plugin v26.9 - https:\/\/yoast.com\/product\/yoast-seo-wordpress\/ -->\n<title>F\u00f6retags\u00f6versikt | Z-MAX Termoelektrisk kylare och Peltier module<\/title>\n<meta name=\"robots\" content=\"index, follow, max-snippet:-1, max-image-preview:large, max-video-preview:-1\" \/>\n<link rel=\"canonical\" href=\"https:\/\/thermoelectric-coolers.com\/sv\/company\/overview\/\" \/>\n<meta property=\"og:locale\" content=\"ja_JP\" \/>\n<meta property=\"og:type\" content=\"article\" \/>\n<meta property=\"og:title\" content=\"F\u00f6retags\u00f6versikt | Z-MAX Termoelektrisk kylare och Peltier module\" \/>\n<meta property=\"og:description\" content=\"F\u00f6retags\u00f6versikt F\u00f6retagets namn Z-Max Co., Ltd. Grundades 18 november 2009 Kapital 10,000,000 JPY VD Junji Ta [&hellip;]\" \/>\n<meta property=\"og:url\" content=\"https:\/\/thermoelectric-coolers.com\/sv\/company\/overview\/\" \/>\n<meta property=\"og:site_name\" content=\"Z-MAX Termoelektrisk kylare och Peltier module\" \/>\n<meta property=\"article:modified_time\" content=\"2023-02-22T03:36:56+00:00\" \/>\n<meta name=\"twitter:card\" content=\"summary_large_image\" \/>\n<meta name=\"twitter:label1\" content=\"\u63a8\u5b9a\u8aad\u307f\u53d6\u308a\u6642\u9593\" \/>\n\t<meta name=\"twitter:data1\" content=\"4\u5206\" \/>\n<script type=\"application\/ld+json\" class=\"yoast-schema-graph\">{\"@context\":\"https:\/\/schema.org\",\"@graph\":[{\"@type\":\"WebPage\",\"@id\":\"https:\/\/thermoelectric-coolers.com\/sv\/company\/overview\/\",\"url\":\"https:\/\/thermoelectric-coolers.com\/sv\/company\/overview\/\",\"name\":\"F\u00f6retags\u00f6versikt | Z-MAX Termoelektrisk kylare och Peltier module\",\"isPartOf\":{\"@id\":\"https:\/\/thermoelectric-coolers.com\/sv\/#website\"},\"datePublished\":\"2021-05-02T22:58:17+00:00\",\"dateModified\":\"2023-02-22T03:36:56+00:00\",\"breadcrumb\":{\"@id\":\"https:\/\/thermoelectric-coolers.com\/sv\/company\/overview\/#breadcrumb\"},\"inLanguage\":\"ja\",\"potentialAction\":[{\"@type\":\"ReadAction\",\"target\":[\"https:\/\/thermoelectric-coolers.com\/sv\/company\/overview\/\"]}]},{\"@type\":\"BreadcrumbList\",\"@id\":\"https:\/\/thermoelectric-coolers.com\/sv\/company\/overview\/#breadcrumb\",\"itemListElement\":[{\"@type\":\"ListItem\",\"position\":1,\"name\":\"\u30db\u30fc\u30e0\",\"item\":\"https:\/\/thermoelectric-coolers.com\/sv\/\"},{\"@type\":\"ListItem\",\"position\":2,\"name\":\"Om Z-MAX\",\"item\":\"https:\/\/thermoelectric-coolers.com\/sv\/company\/\"},{\"@type\":\"ListItem\",\"position\":3,\"name\":\"F\u00f6retags\u00f6versikt\"}]},{\"@type\":\"WebSite\",\"@id\":\"https:\/\/thermoelectric-coolers.com\/sv\/#website\",\"url\":\"https:\/\/thermoelectric-coolers.com\/sv\/\",\"name\":\"Z-MAX Termoelektrisk kylare och Peltier module\",\"description\":\"Z-MAX has been providing not only thermoelectric cooler (module), but also peltier device and finished product using thermoelectric coolers since entering the thermoelectric industry in 1990. We design, manufacture, supply the OEM finished product and the product with the newest technology.\",\"potentialAction\":[{\"@type\":\"SearchAction\",\"target\":{\"@type\":\"EntryPoint\",\"urlTemplate\":\"https:\/\/thermoelectric-coolers.com\/sv\/?s={search_term_string}\"},\"query-input\":{\"@type\":\"PropertyValueSpecification\",\"valueRequired\":true,\"valueName\":\"search_term_string\"}}],\"inLanguage\":\"ja\"}]}<\/script>\n<!-- \/ Yoast SEO plugin. -->","yoast_head_json":{"title":"F\u00f6retags\u00f6versikt | Z-MAX Termoelektrisk kylare och Peltier module","robots":{"index":"index","follow":"follow","max-snippet":"max-snippet:-1","max-image-preview":"max-image-preview:large","max-video-preview":"max-video-preview:-1"},"canonical":"https:\/\/thermoelectric-coolers.com\/sv\/company\/overview\/","og_locale":"ja_JP","og_type":"article","og_title":"F\u00f6retags\u00f6versikt | Z-MAX Termoelektrisk kylare och Peltier module","og_description":"F\u00f6retags\u00f6versikt F\u00f6retagets namn Z-Max Co., Ltd. Grundades 18 november 2009 Kapital 10,000,000 JPY VD Junji Ta [&hellip;]","og_url":"https:\/\/thermoelectric-coolers.com\/sv\/company\/overview\/","og_site_name":"Z-MAX Termoelektrisk kylare och Peltier module","article_modified_time":"2023-02-22T03:36:56+00:00","twitter_card":"summary_large_image","twitter_misc":{"\u63a8\u5b9a\u8aad\u307f\u53d6\u308a\u6642\u9593":"4\u5206"},"schema":{"@context":"https:\/\/schema.org","@graph":[{"@type":"WebPage","@id":"https:\/\/thermoelectric-coolers.com\/sv\/company\/overview\/","url":"https:\/\/thermoelectric-coolers.com\/sv\/company\/overview\/","name":"F\u00f6retags\u00f6versikt | Z-MAX Termoelektrisk kylare och Peltier module","isPartOf":{"@id":"https:\/\/thermoelectric-coolers.com\/sv\/#website"},"datePublished":"2021-05-02T22:58:17+00:00","dateModified":"2023-02-22T03:36:56+00:00","breadcrumb":{"@id":"https:\/\/thermoelectric-coolers.com\/sv\/company\/overview\/#breadcrumb"},"inLanguage":"ja","potentialAction":[{"@type":"ReadAction","target":["https:\/\/thermoelectric-coolers.com\/sv\/company\/overview\/"]}]},{"@type":"BreadcrumbList","@id":"https:\/\/thermoelectric-coolers.com\/sv\/company\/overview\/#breadcrumb","itemListElement":[{"@type":"ListItem","position":1,"name":"\u30db\u30fc\u30e0","item":"https:\/\/thermoelectric-coolers.com\/sv\/"},{"@type":"ListItem","position":2,"name":"Om Z-MAX","item":"https:\/\/thermoelectric-coolers.com\/sv\/company\/"},{"@type":"ListItem","position":3,"name":"F\u00f6retags\u00f6versikt"}]},{"@type":"WebSite","@id":"https:\/\/thermoelectric-coolers.com\/sv\/#website","url":"https:\/\/thermoelectric-coolers.com\/sv\/","name":"Z-MAX Termoelektrisk kylare och Peltier module","description":"Z-MAX has been providing not only thermoelectric cooler (module), but also peltier device and finished product using thermoelectric coolers since entering the thermoelectric industry in 1990. We design, manufacture, supply the OEM finished product and the product with the newest technology.","potentialAction":[{"@type":"SearchAction","target":{"@type":"EntryPoint","urlTemplate":"https:\/\/thermoelectric-coolers.com\/sv\/?s={search_term_string}"},"query-input":{"@type":"PropertyValueSpecification","valueRequired":true,"valueName":"search_term_string"}}],"inLanguage":"ja"}]}},"_links":{"self":[{"href":"https:\/\/thermoelectric-coolers.com\/sv\/wp-json\/wp\/v2\/pages\/486","targetHints":{"allow":["GET"]}}],"collection":[{"href":"https:\/\/thermoelectric-coolers.com\/sv\/wp-json\/wp\/v2\/pages"}],"about":[{"href":"https:\/\/thermoelectric-coolers.com\/sv\/wp-json\/wp\/v2\/types\/page"}],"author":[{"embeddable":true,"href":"https:\/\/thermoelectric-coolers.com\/sv\/wp-json\/wp\/v2\/users\/3"}],"replies":[{"embeddable":true,"href":"https:\/\/thermoelectric-coolers.com\/sv\/wp-json\/wp\/v2\/comments?post=486"}],"version-history":[{"count":31,"href":"https:\/\/thermoelectric-coolers.com\/sv\/wp-json\/wp\/v2\/pages\/486\/revisions"}],"predecessor-version":[{"id":883,"href":"https:\/\/thermoelectric-coolers.com\/sv\/wp-json\/wp\/v2\/pages\/486\/revisions\/883"}],"up":[{"embeddable":true,"href":"https:\/\/thermoelectric-coolers.com\/sv\/wp-json\/wp\/v2\/pages\/476"}],"wp:attachment":[{"href":"https:\/\/thermoelectric-coolers.com\/sv\/wp-json\/wp\/v2\/media?parent=486"}],"curies":[{"name":"wp","href":"https:\/\/api.w.org\/{rel}","templated":true}]}}