{"id":36,"date":"2018-11-08T11:51:28","date_gmt":"2018-11-08T02:51:28","guid":{"rendered":"https:\/\/thermoelectric-coolers.com\/sv\/?page_id=36"},"modified":"2023-02-22T11:34:01","modified_gmt":"2023-02-22T02:34:01","slug":"technical","status":"publish","type":"page","link":"https:\/\/thermoelectric-coolers.com\/sv\/technical\/","title":{"rendered":"Teknisk information"},"content":{"rendered":"<section id=\"technical01\" class=\"section_wrap\">\n<h2>Funktioner hos v\u00e5r termoelektriska kylare (modul)<\/h2>\n<p>Det finns 4 huvudorsaker till fel p\u00e5 en termoelektrisk kylare (modul).<\/p>\n<p>1. Termisk utmattning<br \/>\n2. Korrosion<br \/>\n3. Migrering<br \/>\n4. Kristallfel i termoelektriskt element<\/p>\n<p><a class=\"btn_link\" href=\"\/sv\/technical\/trouble\/\">Information om felorsaker<i class=\"fas fa-long-arrow-alt-right\"><\/i><\/a><\/p>\n<div id=\"technical01_wrap\">\n<div id=\"technical01_inner\">\n<p>V\u00e5ra l\u00f6sningar \u00e4r<\/p>\n<ul>\n<li><span class=\"under_line\">\u25a0GL-struktur<\/span><\/li>\n<li><span class=\"under_line\">\u25a0Fuktt\u00e4tning<\/span><\/li>\n<li><span class=\"under_line\">\u25a0Fullst\u00e4ndig kvalitetskontroll<\/span><\/li>\n<\/ul>\n<p>F\u00f6r att m\u00f6jligg\u00f6ra l\u00e5ng livsl\u00e4ngd enligt ovan. Dessutom f\u00e5r endast produkter som har klarat v\u00e5ra standardtest f\u00f6r tillf\u00f6rlitlighet ing\u00e5 i v\u00e5rt produktsortiment.<\/p>\n<\/div>\n<p><img decoding=\"async\" src=\"https:\/\/thermoelectric-coolers.com\/sv\/wp-content\/themes\/zmax-peltier\/images\/technical\/img01.png\" alt=\"Features of z-max's thermoelectric cooler (module)\" \/>\n<\/div>\n<div id=\"technical01_detail\">\n<h3 class=\"line_left\">GL-struktur som l\u00f6sning f\u00f6r \u201dTermisk utmattning\u201d<\/h3>\n<p>I allm\u00e4nhet konstrueras en termoelektrisk kylare (modul) genom l\u00f6dning (en legering av tenn och bly) av kylkeramik och kopparelektroder, kopparelektroder och termoelektriska integrerade kretsar, kopparelektroder och v\u00e4rmeavgivande keramik. V\u00e5r termoelektriska kylare (modul) anv\u00e4nder dock inte l\u00f6dning utan flexibelt hartslim mellan kylkeramik och kopparelektroder. Detta minskar den termiska belastningen och ger dramatiskt \u00f6kad livsl\u00e4ngd. Vi kallar denna struktur f\u00f6r GL (Glue = Adhesive)-struktur.<\/p>\n<h3 class=\"line_left\">L\u00f6sning med fuktt\u00e4tning f\u00f6r \u201drost\u201d, \u201dledningsbrott\u201d, \u201dkortslutning\u201d<\/h3>\n<p>V\u00e5r termoelektriska kylare (modul) har genomg\u00e5tt olika temperaturv\u00e4xlingstester, p\u00e5\/av-tester och s\u00e5 vidare med mycket goda resultat. V\u00e5r produkt fungerar p\u00e5litligt i olika milj\u00f6er.<\/p>\n<h3 class=\"line_left\">Kvalitetskontrollen \u00e4r grundlig f\u00f6r att f\u00f6rhindra \u201dkristallfel i integrerad krets\u201d.<\/h3>\n<p>V\u00e5rt f\u00f6retag importerar och s\u00e4ljer inte produkter fr\u00e5n andra tillverkare. Vi \u00e4r en tillverkare som s\u00e4ljer v\u00e5ra egentillverkade termoelektriska kylare. Termoelektriska kylare (moduler) tillverkas i enlighet med v\u00e5rt strikta kvalitetskontrollsystem. Som tillverkare har vi mycket kunskap och teknik som hj\u00e4lper oss inf\u00f6rliva kundernas behov i produkterna.<\/p>\n<h4>Tillf\u00f6rlitlighetstest<\/h4>\n<table>\n<thead>\n<tr>\n<th>Testkategori<\/th>\n<th>Tests namn<\/th>\n<th>Testf\u00f6rh\u00e5llanden<\/th>\n<th>Kriteria<\/th>\n<\/tr>\n<\/thead>\n<tbody>\n<tr>\n<td rowspan=\"3\">Tester f\u00f6r livsl\u00e4ngd<\/td>\n<td>Test av kontinuerlig drift<\/td>\n<td>1 000 timmar<\/td>\n<td rowspan=\"10\">\u2022 Internt motst\u00e5nd \u00e4ndras mindre \u00e4n \u00b110\u00a0%.<br \/>\n\u2022 Visuella skador<br \/>\n\u2022 Annat<\/td>\n<\/tr>\n<tr>\n<td>AV-P\u00c5-test<\/td>\n<td>5 000 cykler<\/td>\n<\/tr>\n<tr>\n<td>Test av polaritetsv\u00e4xling<\/td>\n<td>15\u00a0000 cykler<\/td>\n<\/tr>\n<tr>\n<td rowspan=\"7\">Milj\u00f6tester<\/td>\n<td>Test av lagring vid h\u00f6g temperatur<\/td>\n<td>-90\u00b0C 1 000 timmar<\/td>\n<\/tr>\n<tr>\n<td>Test av lagring vid l\u00e5g temperatur<\/td>\n<td>-40\u00b0C 1 000 timmar<\/td>\n<\/tr>\n<tr>\n<td>Test av termisk chock<\/td>\n<td>0\u00b0C100\u00b0C 10 cykler<\/td>\n<\/tr>\n<tr>\n<td>Test av cykler f\u00f6r temperatur och fuktighet<\/td>\n<td>10 cykler<\/td>\n<\/tr>\n<tr>\n<td>Mekaniskt st\u00f6ttest<\/td>\n<td>Fritt fall fr\u00e5n en h\u00f6jd av 25 cm, 3 g\u00e5nger<\/td>\n<\/tr>\n<tr>\n<td>Vibrationstest<\/td>\n<td>100  \u2013  2 000 Hz 4 cykler vardera i 3 riktningar<\/td>\n<\/tr>\n<tr>\n<td>Dragtest f\u00f6r anslutningar<\/td>\n<td>Dragstyrka 10\u00a0N, 20\u00a0N, 30\u00a0N<br \/>\nunder 10 sekunder<\/td>\n<\/tr>\n<\/tbody>\n<\/table>\n<\/div>\n<div id=\"technical01_china\">\n<h3>Om kinesisktillverkade termoelektriska kylare<\/h3>\n<p>Vi f\u00e5r ofta fr\u00e5gor om kvaliteten p\u00e5 termoelektriska kylare (moduler) fr\u00e5n kinesiska tillverkare. Baserat p\u00e5 v\u00e5ra testresultat har h\u00f6gkvalitativa produkter fr\u00e5n kinesiska tillverkare (2006) inte tillr\u00e4cklig prestanda och kvalitet f\u00f6r att vara godtagbara.<\/p>\n<\/div>\n<\/section>\n<section id=\"technical02\" class=\"section_wrap\">\n<h2>Utnyttja v\u00e5r tekniska kompetens<\/h2>\n<p>Utnyttja v\u00e5r tekniska erfarenhet p\u00e5 olika omr\u00e5den.<\/p>\n<ul>\n<li><span class=\"under_line\">1.\u00a0300\u00a0W termoelektrisk kraftgenereringsteknik &#8230; Anv\u00e4nd varmt vatten upp till 100\u00a0\u00b0C f\u00f6r termoelektrisk kraftgenerering.<\/li>\n<li><span class=\"under_line\">2.\u00a0500\u00a0W termoelektrisk kraftgenereringsteknik &#8230; Anv\u00e4nd olja upp till 250\u00a0\u00b0C f\u00f6r termoelektrisk kraftgenerering.<\/li>\n<li><span class=\"under_line\">3. Peltier-v\u00e4rmev\u00e4xlingsenhet med h\u00f6g effektivitet &#8230; Teknik f\u00f6r att \u00f6ka v\u00e4rmev\u00e4xlingseffektiviteten genom att anv\u00e4nda termoelektriska kylare i v\u00e4rmev\u00e4xlingsenheten.<\/li>\n<\/ul>\n<h3 class=\"line_left\">F\u00f6ljande \u00e4r v\u00e5ra m\u00e5l:<\/h3>\n<ul>\n<li>\u2022 Z-MAX kunder. <\/li>\n<li>\u2022 F\u00f6retag som \u00f6verv\u00e4ger att bli partner med och b\u00f6rja handla med Z-MAX.<\/li>\n<li>\u2217Privata partners och f\u00f6retagskunder \u00e4r v\u00e4lkomna<\/li>\n<\/ul>\n<h3 class=\"line_left\">Vision f\u00f6r teknikarbetet<\/h3>\n<ul>\n<li>\u2022 J\u00e4mst\u00e4llda och r\u00e4ttvisa aff\u00e4rer &#8230; J\u00e4mst\u00e4llda och \u00f6ppna tekniska samarbeten och aff\u00e4rsm\u00f6jligheter, intensivt s\u00f6ka efter nya teknik- och aff\u00e4rspartners.<\/li>\n<li>\u2022Development and Success together with partners&#8230;Cooperate with suppliers to ensure mutual benefit, and focus the relationship on fair partnership to grow together.<\/li>\n<li>\u2022 F\u00f6lja regelverk &#8230; Vi f\u00f6ljer lagen i fr\u00e5ga om tekniksamarbeten och aff\u00e4rsverksamhet; vi avsl\u00f6jar inte konfidentiell information som erh\u00e5llits genom samarbete.<\/li>\n<\/ul>\n<p><a class=\"btn_link\" href=\"https:\/\/www.z-max.jp\/contact\/\" target=\"_blank\" rel=\"noopener noreferrer\">Post<i class=\"fas fa-long-arrow-alt-right\"><\/i><\/a><br \/>\n<\/section>\n","protected":false},"excerpt":{"rendered":"<p>Funktioner hos v\u00e5r termoelektriska kylare (modul) Det finns 4 huvudorsaker till fel p\u00e5 en termoelektrisk kylar [&hellip;]<\/p>\n","protected":false},"author":2,"featured_media":0,"parent":0,"menu_order":0,"comment_status":"closed","ping_status":"closed","template":"","meta":{"_acf_changed":false,"footnotes":""},"class_list":["post-36","page","type-page","status-publish","hentry"],"acf":[],"yoast_head":"<!-- This site is optimized with the Yoast SEO plugin v26.9 - https:\/\/yoast.com\/product\/yoast-seo-wordpress\/ -->\n<title>Teknisk information | Z-MAX Termoelektrisk kylare och Peltier module<\/title>\n<meta name=\"robots\" content=\"index, follow, max-snippet:-1, max-image-preview:large, max-video-preview:-1\" \/>\n<link rel=\"canonical\" href=\"https:\/\/thermoelectric-coolers.com\/sv\/technical\/\" \/>\n<meta property=\"og:locale\" content=\"ja_JP\" \/>\n<meta property=\"og:type\" content=\"article\" \/>\n<meta property=\"og:title\" content=\"Teknisk information | Z-MAX Termoelektrisk kylare och Peltier module\" \/>\n<meta property=\"og:description\" content=\"Funktioner hos v\u00e5r termoelektriska kylare (modul) Det finns 4 huvudorsaker till fel p\u00e5 en termoelektrisk kylar [&hellip;]\" \/>\n<meta property=\"og:url\" content=\"https:\/\/thermoelectric-coolers.com\/sv\/technical\/\" \/>\n<meta property=\"og:site_name\" content=\"Z-MAX Termoelektrisk kylare och Peltier module\" \/>\n<meta property=\"article:modified_time\" content=\"2023-02-22T02:34:01+00:00\" \/>\n<meta name=\"twitter:card\" content=\"summary_large_image\" \/>\n<meta name=\"twitter:label1\" content=\"\u63a8\u5b9a\u8aad\u307f\u53d6\u308a\u6642\u9593\" \/>\n\t<meta name=\"twitter:data1\" content=\"10\u5206\" \/>\n<script type=\"application\/ld+json\" class=\"yoast-schema-graph\">{\"@context\":\"https:\/\/schema.org\",\"@graph\":[{\"@type\":\"WebPage\",\"@id\":\"https:\/\/thermoelectric-coolers.com\/sv\/technical\/\",\"url\":\"https:\/\/thermoelectric-coolers.com\/sv\/technical\/\",\"name\":\"Teknisk information | Z-MAX Termoelektrisk kylare och Peltier module\",\"isPartOf\":{\"@id\":\"https:\/\/thermoelectric-coolers.com\/sv\/#website\"},\"datePublished\":\"2018-11-08T02:51:28+00:00\",\"dateModified\":\"2023-02-22T02:34:01+00:00\",\"breadcrumb\":{\"@id\":\"https:\/\/thermoelectric-coolers.com\/sv\/technical\/#breadcrumb\"},\"inLanguage\":\"ja\",\"potentialAction\":[{\"@type\":\"ReadAction\",\"target\":[\"https:\/\/thermoelectric-coolers.com\/sv\/technical\/\"]}]},{\"@type\":\"BreadcrumbList\",\"@id\":\"https:\/\/thermoelectric-coolers.com\/sv\/technical\/#breadcrumb\",\"itemListElement\":[{\"@type\":\"ListItem\",\"position\":1,\"name\":\"\u30db\u30fc\u30e0\",\"item\":\"https:\/\/thermoelectric-coolers.com\/sv\/\"},{\"@type\":\"ListItem\",\"position\":2,\"name\":\"Teknisk information\"}]},{\"@type\":\"WebSite\",\"@id\":\"https:\/\/thermoelectric-coolers.com\/sv\/#website\",\"url\":\"https:\/\/thermoelectric-coolers.com\/sv\/\",\"name\":\"Z-MAX Termoelektrisk kylare och Peltier module\",\"description\":\"Z-MAX has been providing not only thermoelectric cooler (module), but also peltier device and finished product using thermoelectric coolers since entering the thermoelectric industry in 1990. We design, manufacture, supply the OEM finished product and the product with the newest technology.\",\"potentialAction\":[{\"@type\":\"SearchAction\",\"target\":{\"@type\":\"EntryPoint\",\"urlTemplate\":\"https:\/\/thermoelectric-coolers.com\/sv\/?s={search_term_string}\"},\"query-input\":{\"@type\":\"PropertyValueSpecification\",\"valueRequired\":true,\"valueName\":\"search_term_string\"}}],\"inLanguage\":\"ja\"}]}<\/script>\n<!-- \/ Yoast SEO plugin. -->","yoast_head_json":{"title":"Teknisk information | Z-MAX Termoelektrisk kylare och Peltier module","robots":{"index":"index","follow":"follow","max-snippet":"max-snippet:-1","max-image-preview":"max-image-preview:large","max-video-preview":"max-video-preview:-1"},"canonical":"https:\/\/thermoelectric-coolers.com\/sv\/technical\/","og_locale":"ja_JP","og_type":"article","og_title":"Teknisk information | Z-MAX Termoelektrisk kylare och Peltier module","og_description":"Funktioner hos v\u00e5r termoelektriska kylare (modul) Det finns 4 huvudorsaker till fel p\u00e5 en termoelektrisk kylar [&hellip;]","og_url":"https:\/\/thermoelectric-coolers.com\/sv\/technical\/","og_site_name":"Z-MAX Termoelektrisk kylare och Peltier module","article_modified_time":"2023-02-22T02:34:01+00:00","twitter_card":"summary_large_image","twitter_misc":{"\u63a8\u5b9a\u8aad\u307f\u53d6\u308a\u6642\u9593":"10\u5206"},"schema":{"@context":"https:\/\/schema.org","@graph":[{"@type":"WebPage","@id":"https:\/\/thermoelectric-coolers.com\/sv\/technical\/","url":"https:\/\/thermoelectric-coolers.com\/sv\/technical\/","name":"Teknisk information | Z-MAX Termoelektrisk kylare och Peltier module","isPartOf":{"@id":"https:\/\/thermoelectric-coolers.com\/sv\/#website"},"datePublished":"2018-11-08T02:51:28+00:00","dateModified":"2023-02-22T02:34:01+00:00","breadcrumb":{"@id":"https:\/\/thermoelectric-coolers.com\/sv\/technical\/#breadcrumb"},"inLanguage":"ja","potentialAction":[{"@type":"ReadAction","target":["https:\/\/thermoelectric-coolers.com\/sv\/technical\/"]}]},{"@type":"BreadcrumbList","@id":"https:\/\/thermoelectric-coolers.com\/sv\/technical\/#breadcrumb","itemListElement":[{"@type":"ListItem","position":1,"name":"\u30db\u30fc\u30e0","item":"https:\/\/thermoelectric-coolers.com\/sv\/"},{"@type":"ListItem","position":2,"name":"Teknisk information"}]},{"@type":"WebSite","@id":"https:\/\/thermoelectric-coolers.com\/sv\/#website","url":"https:\/\/thermoelectric-coolers.com\/sv\/","name":"Z-MAX Termoelektrisk kylare och Peltier module","description":"Z-MAX has been providing not only thermoelectric cooler (module), but also peltier device and finished product using thermoelectric coolers since entering the thermoelectric industry in 1990. We design, manufacture, supply the OEM finished product and the product with the newest technology.","potentialAction":[{"@type":"SearchAction","target":{"@type":"EntryPoint","urlTemplate":"https:\/\/thermoelectric-coolers.com\/sv\/?s={search_term_string}"},"query-input":{"@type":"PropertyValueSpecification","valueRequired":true,"valueName":"search_term_string"}}],"inLanguage":"ja"}]}},"_links":{"self":[{"href":"https:\/\/thermoelectric-coolers.com\/sv\/wp-json\/wp\/v2\/pages\/36","targetHints":{"allow":["GET"]}}],"collection":[{"href":"https:\/\/thermoelectric-coolers.com\/sv\/wp-json\/wp\/v2\/pages"}],"about":[{"href":"https:\/\/thermoelectric-coolers.com\/sv\/wp-json\/wp\/v2\/types\/page"}],"author":[{"embeddable":true,"href":"https:\/\/thermoelectric-coolers.com\/sv\/wp-json\/wp\/v2\/users\/2"}],"replies":[{"embeddable":true,"href":"https:\/\/thermoelectric-coolers.com\/sv\/wp-json\/wp\/v2\/comments?post=36"}],"version-history":[{"count":7,"href":"https:\/\/thermoelectric-coolers.com\/sv\/wp-json\/wp\/v2\/pages\/36\/revisions"}],"predecessor-version":[{"id":867,"href":"https:\/\/thermoelectric-coolers.com\/sv\/wp-json\/wp\/v2\/pages\/36\/revisions\/867"}],"wp:attachment":[{"href":"https:\/\/thermoelectric-coolers.com\/sv\/wp-json\/wp\/v2\/media?parent=36"}],"curies":[{"name":"wp","href":"https:\/\/api.w.org\/{rel}","templated":true}]}}